{"id":522,"date":"2025-12-18T10:44:30","date_gmt":"2025-12-18T10:44:30","guid":{"rendered":"https:\/\/cuppen.makkerspreview.nl\/werken-bij\/"},"modified":"2026-04-07T12:22:23","modified_gmt":"2026-04-07T12:22:23","slug":"karriere","status":"publish","type":"page","link":"https:\/\/cuppenlogistics.nl\/de\/karriere\/","title":{"rendered":"Karriere"},"content":{"rendered":"<div class=\"et_pb_section_0 et_pb_section et_section_regular et_block_section\">\n<div class=\"et_pb_row_0 et_pb_row et_flex_row\">\n<div class=\"et_pb_column_0 et_pb_column et-last-child et_flex_column et_pb_css_mix_blend_mode_passthrough et_flex_column_24_24 et_flex_column_24_24_tablet et_flex_column_24_24_phone\">\n<div class=\"et_pb_text_0 et_pb_text et_pb_bg_layout_light et_pb_module et_flex_module\"><div class=\"et_pb_text_inner\"><h1>Arbeiten bei Cuppen<\/h1>\n<\/div><\/div>\n<\/div>\n<\/div>\n<\/div>\n\n<div class=\"et_pb_section_1 et_pb_section et_section_regular et_flex_section\">\n<div class=\"et_pb_row_1 et_pb_row et_flex_row\">\n<div class=\"et_pb_column_1 et_pb_column et_flex_column et_pb_css_mix_blend_mode_passthrough et_flex_column_3_5 et_flex_column_3_5_tablet et_flex_column_24_24_phone\">\n<div class=\"et_pb_text_1 et_pb_text et_pb_bg_layout_light et_pb_module et_flex_module\"><div class=\"et_pb_text_inner\"><h2>Gemeinsam den Unterschied machen<\/h2>\n<\/div><\/div>\n\n<div class=\"et_pb_text_2 et_pb_text et_pb_bg_layout_light et_pb_module et_flex_module\"><div class=\"et_pb_text_inner\"><p>Bei Cuppen l\u00f6sen wir jeden Tag die logistische Herausforderung. Fahrer sorgen daf\u00fcr, dass Ladungen sicher und p\u00fcnktlich ihr Ziel erreichen, Disponenten planen kluge Routen, und im Lager wird alles rechtzeitig vorbereitet. So verbinden wir temperaturgef\u00fchrten Transport und Coldstore unter einem Dach und behalten die Kontrolle \u00fcber die gesamte Logistikkette.<\/p>\n<p>Das gelingt nur mit Menschen, die mitdenken, Verantwortung \u00fcbernehmen und einander unterst\u00fctzen. Wir sind ein Familienunternehmen, bodenst\u00e4ndig und engagiert. Direkte Abstimmung und pers\u00f6nlicher Kontakt sorgen daf\u00fcr, dass Sie immer wissen, woran Sie sind. Bei uns sind Freiheit und Vertrauen nichts, was man sich erst verdienen muss, man bekommt sie im Gegenzug f\u00fcr den Einsatz, gemeinsam jeden Tag gute Arbeit zu leisten.<\/p>\n<\/div>\n\n<\/div>\n<\/div>\n\n<div class=\"et_pb_column_2 et_pb_column et-last-child et_flex_column et_pb_css_mix_blend_mode_passthrough et_flex_column_2_5 et_flex_column_2_5_tablet et_flex_column_24_24_phone\">\n<div class=\"et_pb_blurb_0 et_pb_blurb et_pb_bg_layout_light et_pb_blurb_position_left et_pb_module et_flex_module\"><div class=\"et_pb_blurb_content et_flex_module\"><div class=\"et_pb_main_blurb_image\"><span class=\"et_pb_image_wrap\"><span class=\"et-pb-icon et_animated et_animated\">N<\/span><\/span><\/div><div class=\"et_pb_blurb_container\"><h4 class=\"et_pb_module_header\">Ein eingespieltes Team mit direkter Abstimmung<\/h4><\/div><\/div><\/div>\n\n<div class=\"et_pb_blurb_1 et_pb_blurb et_pb_bg_layout_light et_pb_blurb_position_left et_pb_module et_flex_module\"><div class=\"et_pb_blurb_content et_flex_module\"><div class=\"et_pb_main_blurb_image\"><span class=\"et_pb_image_wrap\"><span class=\"et-pb-icon et_animated et_animated\">N<\/span><\/span><\/div><div class=\"et_pb_blurb_container\"><h4 class=\"et_pb_module_header\">Freiheit und Vertrauen in Ihrer Arbeit<\/h4><\/div><\/div><\/div>\n\n<div class=\"et_pb_blurb_2 et_pb_blurb et_pb_bg_layout_light et_pb_blurb_position_left et_pb_module et_flex_module\"><div class=\"et_pb_blurb_content et_flex_module\"><div class=\"et_pb_main_blurb_image\"><span class=\"et_pb_image_wrap\"><span class=\"et-pb-icon et_animated et_animated\">N<\/span><\/span><\/div><div class=\"et_pb_blurb_container\"><h4 class=\"et_pb_module_header\">Gutes Arbeitsmaterial und klare Absprachen<\/h4><\/div><\/div><\/div>\n<\/div>\n<\/div>\n<\/div>\n\n<div class=\"et_pb_section_2 et_pb_section et_section_regular et_flex_section\">\n<div class=\"et_pb_row_2 et_pb_row et_flex_row\">\n<div class=\"et_pb_column_3 et_pb_column et_flex_column et_pb_css_mix_blend_mode_passthrough et_flex_column_8_24 et_flex_column_8_24_tablet et_flex_column_24_24_phone\">\n<div class=\"et_pb_image_0 et_pb_image et_pb_image_bottom_space_phone et_pb_module et_flex_module\"><span class=\"et_pb_image_wrap\"><img decoding=\"async\" src=\"https:\/\/cuppenlogistics.nl\/wp-content\/uploads\/2026\/02\/Cuppen-Werken-bij.jpg\" title=\"Cuppen - Werken bij\" width=\"1600\" height=\"1600\" srcset=\"https:\/\/cuppenlogistics.nl\/wp-content\/uploads\/2026\/02\/Cuppen-Werken-bij.jpg 1600w, https:\/\/cuppenlogistics.nl\/wp-content\/uploads\/2026\/02\/Cuppen-Werken-bij-1280x1280.jpg 1280w, https:\/\/cuppenlogistics.nl\/wp-content\/uploads\/2026\/02\/Cuppen-Werken-bij-980x980.jpg 980w, https:\/\/cuppenlogistics.nl\/wp-content\/uploads\/2026\/02\/Cuppen-Werken-bij-480x480.jpg 480w\" sizes=\"(min-width: 0px) and (max-width: 480px) 480px, (min-width: 481px) and (max-width: 980px) 980px, (min-width: 981px) and (max-width: 1280px) 1280px, (min-width: 1281px) 1600px, 100vw\" class=\"wp-image-381\" \/><\/span><\/div>\n<\/div>\n\n<div class=\"et_pb_column_4 et_pb_column et-last-child et_flex_column et_pb_css_mix_blend_mode_passthrough et_flex_column_16_24 et_flex_column_16_24_tablet et_flex_column_24_24_phone\">\n<div class=\"et_pb_text_3 et_pb_text et_pb_bg_layout_light et_pb_module et_flex_module\"><div class=\"et_pb_text_inner\"><h2>Wie es ist, hier zu arbeiten<\/h2>\n<\/div><\/div>\n\n<div class=\"et_pb_text_4 et_pb_text et_pb_bg_layout_light et_pb_module et_flex_module\"><div class=\"et_pb_text_inner\"><p>Unsere Mitarbeiter sch\u00e4tzen vor allem den Teamzusammenhalt und die Abwechslung in ihrer Arbeit. Fahrer sind mit gutem Arbeitsmaterial unterwegs, Disponenten planen kluge Routen, und die Lagermitarbeiter sorgen daf\u00fcr, dass alles reibungslos l\u00e4uft. Sie haben viel Kontakt mit Kolleginnen und Kollegen, oft direkt am Telefon oder im Lager.<\/p>\n<p>Die Gesch\u00e4ftsf\u00fchrung ist gut erreichbar und packt selbst mit an. Das sorgt f\u00fcr eine flache und pers\u00f6nliche Organisation. Das Teamgef\u00fchl und die Freiheit im Job machen stolz, und es gibt auch viel Raum f\u00fcr Weiterentwicklung, zum Beispiel \u00fcber einen internen Ausbildungsweg oder den Schritt in eine neue Rolle.<\/p>\n<\/div><\/div>\n<\/div>\n<\/div>\n<\/div>\n\n<div class=\"et_pb_section_3 et_pb_section et_section_regular et_flex_section\">\n<div class=\"et_pb_row_3 et_pb_row et_flex_row\">\n<div class=\"et_pb_column_5 et_pb_column et_flex_column et_pb_css_mix_blend_mode_passthrough et_flex_column_8_24 et_flex_column_8_24_tablet et_flex_column_24_24_phone\">\n<div class=\"et_pb_image_1 et_pb_image et_pb_image_bottom_space_phone et_pb_module et_flex_module\"><span class=\"et_pb_image_wrap\"><img decoding=\"async\" src=\"https:\/\/cuppenlogistics.nl\/wp-content\/uploads\/2026\/03\/FIMI0043-2-2.jpg\" title=\"FIMI0043-2-2\" width=\"1200\" height=\"1200\" srcset=\"https:\/\/cuppenlogistics.nl\/wp-content\/uploads\/2026\/03\/FIMI0043-2-2.jpg 1200w, https:\/\/cuppenlogistics.nl\/wp-content\/uploads\/2026\/03\/FIMI0043-2-2-980x980.jpg 980w, https:\/\/cuppenlogistics.nl\/wp-content\/uploads\/2026\/03\/FIMI0043-2-2-480x480.jpg 480w\" sizes=\"(min-width: 0px) and (max-width: 480px) 480px, (min-width: 481px) and (max-width: 980px) 980px, (min-width: 981px) 1200px, 100vw\" class=\"wp-image-710\" \/><\/span><\/div>\n<\/div>\n\n<div class=\"et_pb_column_6 et_pb_column et-last-child et_flex_column et_pb_css_mix_blend_mode_passthrough et_flex_column_16_24 et_flex_column_16_24_tablet et_flex_column_24_24_phone\">\n<div class=\"et_pb_text_5 et_pb_text et_pb_bg_layout_light et_pb_module et_flex_module\"><div class=\"et_pb_text_inner\"><h2>Was Sie von uns erwarten k\u00f6nnen<\/h2>\n<\/div><\/div>\n\n<div class=\"et_pb_text_6 et_pb_text et_pb_bg_layout_light et_pb_module et_flex_module\"><div class=\"et_pb_text_inner\"><p>Wir bieten eine stabile Grundlage: gutes Arbeitsmaterial, p\u00fcnktliche Bezahlung und klare Absprachen. Die Arbeit ist abwechslungsreich, von Pflanzentransporten und der Belieferung von Stadien bis hin zu Spitzenzeiten in der Obst- und Gem\u00fcsesaison. Gemeinsam sorgen wir daf\u00fcr, dass unsere Kunden ihrer Logistik voll vertrauen k\u00f6nnen, weil wir Transport und Lagerung zuverl\u00e4ssig organisieren. F\u00fcr Sie bedeutet das Sicherheit, ein eingespieltes Team und Arbeit, die Freude macht. Und m\u00f6chten Sie mitdenken, wie wir Dinge noch intelligenter oder besser organisieren k\u00f6nnen? Dann h\u00f6ren wir gerne zu.<\/p>\n<\/div><\/div>\n<\/div>\n<\/div>\n<\/div>\n\n<div class=\"et_pb_section_4 et_pb_section et_section_regular et_flex_section\">\n<div class=\"et_pb_row_4 et_pb_row et_grid_row\">\n<div class=\"et_pb_column_7 et_pb_column et_flex_column et_pb_css_mix_blend_mode_passthrough\">\n<div class=\"et_pb_text_7 et_pb_text et_pb_bg_layout_light et_pb_module et_flex_module\"><div class=\"et_pb_text_inner\"><h2>Direkt bewerben oder m\u00f6chten Sie zuerst mehr Informationen<\/h2>\n<\/div><\/div>\n\n<div class=\"et_pb_blurb_3 et_pb_blurb et_pb_bg_layout_light et_pb_blurb_position_left et_pb_module et_flex_module\"><div class=\"et_pb_blurb_content et_flex_module\"><div class=\"et_pb_main_blurb_image\"><span class=\"et_pb_image_wrap\"><span class=\"et-pb-icon et_animated et_animated\">N<\/span><\/span><\/div><div class=\"et_pb_blurb_container\"><h4 class=\"et_pb_module_header\">Ein eingespieltes Team mit direkter Abstimmung<\/h4><\/div><\/div><\/div>\n\n<div class=\"et_pb_blurb_4 et_pb_blurb et_pb_bg_layout_light et_pb_blurb_position_left et_pb_module et_flex_module\"><div class=\"et_pb_blurb_content et_flex_module\"><div class=\"et_pb_main_blurb_image\"><span class=\"et_pb_image_wrap\"><span class=\"et-pb-icon et_animated et_animated\">N<\/span><\/span><\/div><div class=\"et_pb_blurb_container\"><h4 class=\"et_pb_module_header\">Freiheit und Vertrauen in Ihrer Arbeit<\/h4><\/div><\/div><\/div>\n\n<div class=\"et_pb_blurb_5 et_pb_blurb et_pb_bg_layout_light et_pb_blurb_position_left et_pb_module et_flex_module\"><div class=\"et_pb_blurb_content et_flex_module\"><div class=\"et_pb_main_blurb_image\"><span class=\"et_pb_image_wrap\"><span class=\"et-pb-icon et_animated et_animated\">N<\/span><\/span><\/div><div class=\"et_pb_blurb_container\"><h4 class=\"et_pb_module_header\">Gutes Arbeitsmaterial und klare Absprachen<\/h4><\/div><\/div><\/div>\n\n<div class=\"et_pb_row_5 et_pb_row et_pb_row_nested et_grid_row\">\n<div class=\"et_pb_column_8 et_pb_column et_flex_column et_pb_css_mix_blend_mode_passthrough\">\n<div class=\"et_pb_module et_pb_button_module_wrapper et_pb_button_1_wrapper\"><a class=\"et_pb_button_1 et_pb_button et_pb_bg_layout_light et_pb_module et_flex_module\" href=\"tel:+31-(0)773977070\">+31-(0)77 3977070<\/a><\/div>\n<\/div>\n\n<div class=\"et_pb_column_9 et_pb_column et-last-child et_flex_column et_pb_css_mix_blend_mode_passthrough\">\n<div class=\"et_pb_module et_pb_button_module_wrapper et_pb_button_2_wrapper\"><a class=\"et_pb_button_2 et_pb_button et_pb_bg_layout_light et_pb_module et_flex_module\" href=\"mailto:info@cuppenlogistics.nl\">info@cuppenlogistics.nl<\/a><\/div>\n<\/div>\n<\/div>\n<\/div>\n\n<div class=\"et_pb_column_10 et_pb_column et-last-child et_flex_column et_pb_css_mix_blend_mode_passthrough\">\n<div class=\"et_pb_image_2 et_pb_image et_pb_module et_flex_module\"><span class=\"et_pb_image_wrap\"><img decoding=\"async\" src=\"https:\/\/cuppenlogistics.nl\/wp-content\/uploads\/2026\/03\/Cuppen-Contact-3.jpg\" title=\"Cuppen - Contact (3)\" width=\"1200\" height=\"1200\" srcset=\"https:\/\/cuppenlogistics.nl\/wp-content\/uploads\/2026\/03\/Cuppen-Contact-3.jpg 1200w, https:\/\/cuppenlogistics.nl\/wp-content\/uploads\/2026\/03\/Cuppen-Contact-3-980x980.jpg 980w, https:\/\/cuppenlogistics.nl\/wp-content\/uploads\/2026\/03\/Cuppen-Contact-3-480x480.jpg 480w\" sizes=\"(min-width: 0px) and (max-width: 480px) 480px, (min-width: 481px) and (max-width: 980px) 980px, (min-width: 981px) 1200px, 100vw\" class=\"wp-image-426\" \/><\/span><\/div>\n<\/div>\n<\/div>\n<\/div>","protected":false},"excerpt":{"rendered":"","protected":false},"author":2,"featured_media":0,"parent":0,"menu_order":0,"comment_status":"closed","ping_status":"closed","template":"","meta":{"footnotes":""},"class_list":["post-522","page","type-page","status-publish","hentry"],"yoast_head":"<!-- This site is optimized with the Yoast SEO plugin v27.4 - https:\/\/yoast.com\/product\/yoast-seo-wordpress\/ -->\n<title>Karriere - Cuppen<\/title>\n<meta name=\"robots\" content=\"index, follow, max-snippet:-1, max-image-preview:large, max-video-preview:-1\" \/>\n<link rel=\"canonical\" href=\"https:\/\/cuppenlogistics.nl\/de\/karriere\/\" \/>\n<meta property=\"og:locale\" content=\"de_DE\" \/>\n<meta property=\"og:type\" content=\"article\" \/>\n<meta property=\"og:title\" content=\"Karriere - Cuppen\" \/>\n<meta property=\"og:url\" content=\"https:\/\/cuppenlogistics.nl\/de\/karriere\/\" \/>\n<meta property=\"og:site_name\" content=\"Cuppen\" \/>\n<meta property=\"article:modified_time\" content=\"2026-04-07T12:22:23+00:00\" \/>\n<meta name=\"twitter:card\" content=\"summary_large_image\" \/>\n<script type=\"application\/ld+json\" class=\"yoast-schema-graph\">{\"@context\":\"https:\\\/\\\/schema.org\",\"@graph\":[{\"@type\":\"WebPage\",\"@id\":\"https:\\\/\\\/cuppenlogistics.nl\\\/de\\\/karriere\\\/\",\"url\":\"https:\\\/\\\/cuppenlogistics.nl\\\/de\\\/karriere\\\/\",\"name\":\"Karriere - Cuppen\",\"isPartOf\":{\"@id\":\"https:\\\/\\\/cuppenlogistics.nl\\\/de\\\/#website\"},\"datePublished\":\"2025-12-18T10:44:30+00:00\",\"dateModified\":\"2026-04-07T12:22:23+00:00\",\"breadcrumb\":{\"@id\":\"https:\\\/\\\/cuppenlogistics.nl\\\/de\\\/karriere\\\/#breadcrumb\"},\"inLanguage\":\"de\",\"potentialAction\":[{\"@type\":\"ReadAction\",\"target\":[\"https:\\\/\\\/cuppenlogistics.nl\\\/de\\\/karriere\\\/\"]}]},{\"@type\":\"BreadcrumbList\",\"@id\":\"https:\\\/\\\/cuppenlogistics.nl\\\/de\\\/karriere\\\/#breadcrumb\",\"itemListElement\":[{\"@type\":\"ListItem\",\"position\":1,\"name\":\"Home\",\"item\":\"https:\\\/\\\/cuppenlogistics.nl\\\/de\\\/\"},{\"@type\":\"ListItem\",\"position\":2,\"name\":\"Karriere\"}]},{\"@type\":\"WebSite\",\"@id\":\"https:\\\/\\\/cuppenlogistics.nl\\\/de\\\/#website\",\"url\":\"https:\\\/\\\/cuppenlogistics.nl\\\/de\\\/\",\"name\":\"Cuppen\",\"description\":\"\",\"potentialAction\":[{\"@type\":\"SearchAction\",\"target\":{\"@type\":\"EntryPoint\",\"urlTemplate\":\"https:\\\/\\\/cuppenlogistics.nl\\\/de\\\/?s={search_term_string}\"},\"query-input\":{\"@type\":\"PropertyValueSpecification\",\"valueRequired\":true,\"valueName\":\"search_term_string\"}}],\"inLanguage\":\"de\"}]}<\/script>\n<!-- \/ Yoast SEO plugin. -->","yoast_head_json":{"title":"Karriere - Cuppen","robots":{"index":"index","follow":"follow","max-snippet":"max-snippet:-1","max-image-preview":"max-image-preview:large","max-video-preview":"max-video-preview:-1"},"canonical":"https:\/\/cuppenlogistics.nl\/de\/karriere\/","og_locale":"de_DE","og_type":"article","og_title":"Karriere - Cuppen","og_url":"https:\/\/cuppenlogistics.nl\/de\/karriere\/","og_site_name":"Cuppen","article_modified_time":"2026-04-07T12:22:23+00:00","twitter_card":"summary_large_image","schema":{"@context":"https:\/\/schema.org","@graph":[{"@type":"WebPage","@id":"https:\/\/cuppenlogistics.nl\/de\/karriere\/","url":"https:\/\/cuppenlogistics.nl\/de\/karriere\/","name":"Karriere - Cuppen","isPartOf":{"@id":"https:\/\/cuppenlogistics.nl\/de\/#website"},"datePublished":"2025-12-18T10:44:30+00:00","dateModified":"2026-04-07T12:22:23+00:00","breadcrumb":{"@id":"https:\/\/cuppenlogistics.nl\/de\/karriere\/#breadcrumb"},"inLanguage":"de","potentialAction":[{"@type":"ReadAction","target":["https:\/\/cuppenlogistics.nl\/de\/karriere\/"]}]},{"@type":"BreadcrumbList","@id":"https:\/\/cuppenlogistics.nl\/de\/karriere\/#breadcrumb","itemListElement":[{"@type":"ListItem","position":1,"name":"Home","item":"https:\/\/cuppenlogistics.nl\/de\/"},{"@type":"ListItem","position":2,"name":"Karriere"}]},{"@type":"WebSite","@id":"https:\/\/cuppenlogistics.nl\/de\/#website","url":"https:\/\/cuppenlogistics.nl\/de\/","name":"Cuppen","description":"","potentialAction":[{"@type":"SearchAction","target":{"@type":"EntryPoint","urlTemplate":"https:\/\/cuppenlogistics.nl\/de\/?s={search_term_string}"},"query-input":{"@type":"PropertyValueSpecification","valueRequired":true,"valueName":"search_term_string"}}],"inLanguage":"de"}]}},"_links":{"self":[{"href":"https:\/\/cuppenlogistics.nl\/de\/wp-json\/wp\/v2\/pages\/522","targetHints":{"allow":["GET"]}}],"collection":[{"href":"https:\/\/cuppenlogistics.nl\/de\/wp-json\/wp\/v2\/pages"}],"about":[{"href":"https:\/\/cuppenlogistics.nl\/de\/wp-json\/wp\/v2\/types\/page"}],"author":[{"embeddable":true,"href":"https:\/\/cuppenlogistics.nl\/de\/wp-json\/wp\/v2\/users\/2"}],"replies":[{"embeddable":true,"href":"https:\/\/cuppenlogistics.nl\/de\/wp-json\/wp\/v2\/comments?post=522"}],"version-history":[{"count":20,"href":"https:\/\/cuppenlogistics.nl\/de\/wp-json\/wp\/v2\/pages\/522\/revisions"}],"predecessor-version":[{"id":895,"href":"https:\/\/cuppenlogistics.nl\/de\/wp-json\/wp\/v2\/pages\/522\/revisions\/895"}],"wp:attachment":[{"href":"https:\/\/cuppenlogistics.nl\/de\/wp-json\/wp\/v2\/media?parent=522"}],"curies":[{"name":"wp","href":"https:\/\/api.w.org\/{rel}","templated":true}]}}