{"id":518,"date":"2026-01-28T09:28:29","date_gmt":"2026-01-28T09:28:29","guid":{"rendered":"https:\/\/cuppen.makkerspreview.nl\/over-ons\/historie\/"},"modified":"2026-04-03T08:20:28","modified_gmt":"2026-04-03T08:20:28","slug":"geschichte","status":"publish","type":"page","link":"https:\/\/cuppenlogistics.nl\/de\/uber-uns\/geschichte\/","title":{"rendered":"Geschichte"},"content":{"rendered":"<div class=\"et_pb_section_0 et_pb_section et_section_regular et_block_section\">\n<div class=\"et_pb_row_0 et_pb_row et_flex_row\">\n<div class=\"et_pb_column_0 et_pb_column et-last-child et_flex_column et_pb_css_mix_blend_mode_passthrough et_flex_column_24_24 et_flex_column_24_24_tablet et_flex_column_24_24_phone\">\n<div class=\"et_pb_text_0 et_pb_text et_pb_bg_layout_light et_pb_module et_flex_module\"><div class=\"et_pb_text_inner\"><h1>Geschichte<\/h1>\n<\/div><\/div>\n<\/div>\n<\/div>\n<\/div>\n\n<div class=\"et_pb_section_1 et_pb_section et_section_regular et_flex_section\">\n<div class=\"et_pb_row_1 et_pb_row et_flex_row\">\n<div class=\"et_pb_column_1 et_pb_column et_flex_column et_pb_css_mix_blend_mode_passthrough et_flex_column_12_24 et_flex_column_12_24_tablet et_flex_column_24_24_phone\">\n<div class=\"et_pb_text_1 et_pb_text et_pb_bg_layout_light et_pb_module et_flex_module\"><div class=\"et_pb_text_inner\"><h2>Vom Viehtransport zur temperaturgef\u00fchrten Logistik<\/h2>\n<\/div><\/div>\n\n<div class=\"et_pb_text_2 et_pb_text et_pb_bg_layout_light et_pb_module et_flex_module\"><div class=\"et_pb_text_inner\"><p>Die Geschichte von Cuppen ist die Geschichte eines Familienunternehmens aus der Region, das sich zu einem Spezialisten f\u00fcr temperaturgef\u00fchrte Logistik entwickelt hat.<\/p>\n<p>Der Ursprung reicht zur\u00fcck bis Anfang des 20. Jahrhunderts, als das Unternehmen im Zentrum von Horst mit Vieh- und Auktions\u00adtransporten begann. Nach dem Krieg wurden ehemalige Milit\u00e4rfahrzeuge eingesetzt, um den Transport effizienter zu gestalten. In den folgenden Jahren verst\u00e4rkten vier S\u00f6hne von Theo Cuppen das Unternehmen.<\/p>\n<p>Im Jahr 1985 zog Cuppen an den heutigen Standort an der Venrayseweg in Horst um. 1987 wurde der Viehtransport eingestellt und das Unternehmen richtete sich neu aus: auf temperaturgef\u00fchrten Transport f\u00fcr die Obst-, Gem\u00fcse- und Pflanzenbranche. Ein Jahr sp\u00e4ter wurde die Fl\u00e4che um 1.500 m\u00b2 erweitert, um dieses Wachstum zu erm\u00f6glichen.<\/p>\n<\/div><\/div>\n<\/div>\n\n<div class=\"et_pb_column_2 et_pb_column et-last-child et_flex_column et_pb_css_mix_blend_mode_passthrough et_flex_column_12_24 et_flex_column_12_24_tablet et_flex_column_24_24_phone\">\n<div class=\"et_pb_image_0 et_pb_image et_pb_image_bottom_space_phone et_pb_module et_flex_module\"><span class=\"et_pb_image_wrap\"><img decoding=\"async\" src=\"https:\/\/cuppenlogistics.nl\/wp-content\/uploads\/2026\/02\/Torpedo-historie.webp\" title=\"Torpedo - historie\" width=\"900\" height=\"900\" srcset=\"https:\/\/cuppenlogistics.nl\/wp-content\/uploads\/2026\/02\/Torpedo-historie.webp 900w, https:\/\/cuppenlogistics.nl\/wp-content\/uploads\/2026\/02\/Torpedo-historie-480x480.webp 480w\" sizes=\"(min-width: 0px) and (max-width: 480px) 480px, (min-width: 481px) 900px, 100vw\" class=\"wp-image-273\" \/><\/span><\/div>\n<\/div>\n<\/div>\n<\/div>\n\n<div class=\"et_pb_section_2 et_pb_section et_section_regular et_flex_section\">\n<div class=\"et_pb_row_2 et_pb_row et_flex_row\">\n<div class=\"et_pb_column_3 et_pb_column et_flex_column et_pb_css_mix_blend_mode_passthrough et_flex_column_8_24 et_flex_column_8_24_tablet et_flex_column_24_24_phone\">\n<div class=\"et_pb_image_1 et_pb_image et_pb_image_bottom_space_phone et_pb_module et_flex_module\"><span class=\"et_pb_image_wrap\"><img decoding=\"async\" src=\"https:\/\/cuppenlogistics.nl\/wp-content\/uploads\/2026\/02\/Marc-Cuppen-en-Michiel-Sanders.jpg\" title=\"Marc Cuppen en Michiel Sanders\" width=\"1600\" height=\"1600\" srcset=\"https:\/\/cuppenlogistics.nl\/wp-content\/uploads\/2026\/02\/Marc-Cuppen-en-Michiel-Sanders.jpg 1600w, https:\/\/cuppenlogistics.nl\/wp-content\/uploads\/2026\/02\/Marc-Cuppen-en-Michiel-Sanders-1280x1280.jpg 1280w, https:\/\/cuppenlogistics.nl\/wp-content\/uploads\/2026\/02\/Marc-Cuppen-en-Michiel-Sanders-980x980.jpg 980w, https:\/\/cuppenlogistics.nl\/wp-content\/uploads\/2026\/02\/Marc-Cuppen-en-Michiel-Sanders-480x480.jpg 480w\" sizes=\"(min-width: 0px) and (max-width: 480px) 480px, (min-width: 481px) and (max-width: 980px) 980px, (min-width: 981px) and (max-width: 1280px) 1280px, (min-width: 1281px) 1600px, 100vw\" class=\"wp-image-340\" \/><\/span><\/div>\n<\/div>\n\n<div class=\"et_pb_column_4 et_pb_column et-last-child et_flex_column et_pb_css_mix_blend_mode_passthrough et_flex_column_16_24 et_flex_column_16_24_tablet et_flex_column_24_24_phone\">\n<div class=\"et_pb_text_3 et_pb_text et_pb_bg_layout_light et_pb_module et_flex_module\"><div class=\"et_pb_text_inner\"><p>Im Jahr 2000 \u00fcbernahm die dritte Generation die Leitung des Unternehmens. Marc Cuppen wurde Gesch\u00e4ftsf\u00fchrer und wird seit 2012 von Mitgesch\u00e4ftsf\u00fchrer Michiel Sanders unterst\u00fctzt.<\/p>\n<p>In derselben Zeit kam ein neuer Unternehmensbereich hinzu: Neben dem Transport begann Cuppen, seine Kunden auch mit gek\u00fchlter Lagerung zu unterst\u00fctzen. Aufgrund der steigenden Nachfrage wurde 2014 Cuppen Coldstore gegr\u00fcndet \u2013 mit modernen Einrichtungen f\u00fcr die gek\u00fchlte Lagerung unter anderem von Pflanzgut sowie Obst- und Gem\u00fcseprodukten.<\/p>\n<p>Durch die gezielte Ausrichtung auf Transport und Lagerung f\u00fcr Pflanzen sowie Obst und Gem\u00fcse hat Cuppen eine Nische gefunden, die Sicherheit und Zukunft bietet. Im Kern geht es um Menschen, die jeden Tag die logistische Herausforderung l\u00f6sen.<\/p>\n<p>Disponenten sorgen f\u00fcr klug geplante Routen und optimal ausgelastete Kombinationen, w\u00e4hrend Fahrer die Ladungen sicher und p\u00fcnktlich an ihr Ziel bringen. Die Arbeit verlangt Flexibilit\u00e4t und Verantwortung \u2013 und genau das macht sie so erf\u00fcllend und macht stolz.<\/p>\n<\/div><\/div>\n<\/div>\n<\/div>\n<\/div>\n\n<div class=\"et_pb_section_3 et_pb_section et_section_regular et_flex_section\">\n<div class=\"et_pb_row_3 et_pb_row et_flex_row\">\n<div class=\"et_pb_column_5 et_pb_column et_flex_column et_pb_css_mix_blend_mode_passthrough et_flex_column_8_24 et_flex_column_8_24_tablet et_flex_column_24_24_phone\">\n<div class=\"et_pb_image_2 et_pb_image et_pb_image_bottom_space_phone et_pb_module et_flex_module\"><span class=\"et_pb_image_wrap\"><img decoding=\"async\" src=\"https:\/\/cuppenlogistics.nl\/wp-content\/uploads\/2026\/03\/Cuppen-Contact-2.jpg\" title=\"Cuppen - Contact (2)\" width=\"1200\" height=\"1200\" srcset=\"https:\/\/cuppenlogistics.nl\/wp-content\/uploads\/2026\/03\/Cuppen-Contact-2.jpg 1200w, https:\/\/cuppenlogistics.nl\/wp-content\/uploads\/2026\/03\/Cuppen-Contact-2-980x980.jpg 980w, https:\/\/cuppenlogistics.nl\/wp-content\/uploads\/2026\/03\/Cuppen-Contact-2-480x480.jpg 480w\" sizes=\"(min-width: 0px) and (max-width: 480px) 480px, (min-width: 481px) and (max-width: 980px) 980px, (min-width: 981px) 1200px, 100vw\" class=\"wp-image-428\" \/><\/span><\/div>\n<\/div>\n\n<div class=\"et_pb_column_6 et_pb_column et-last-child et_flex_column et_pb_css_mix_blend_mode_passthrough et_flex_column_16_24 et_flex_column_16_24_tablet et_flex_column_24_24_phone\">\n<div class=\"et_pb_text_4 et_pb_text et_pb_bg_layout_light et_pb_module et_flex_module\"><div class=\"et_pb_text_inner\"><h2>Neugierig, was wir f\u00fcr Sie tun k\u00f6nnen?<\/h2>\n<\/div><\/div>\n\n<div class=\"et_pb_text_5 et_pb_text et_pb_bg_layout_light et_pb_module et_flex_module\"><div class=\"et_pb_text_inner\"><p>Kontaktieren Sie unsere Transportplanung<br \/><a href=\"tel:+31-(0)773977070\">+31-(0)77 3977070<\/a><\/p>\n<\/div><\/div>\n\n<div class=\"et_pb_blurb_0 et_pb_blurb et_pb_bg_layout_light et_pb_blurb_position_left et_pb_module et_flex_module\"><div class=\"et_pb_blurb_content et_flex_module\"><div class=\"et_pb_main_blurb_image\"><span class=\"et_pb_image_wrap\"><span class=\"et-pb-icon\">N<\/span><\/span><\/div><div class=\"et_pb_blurb_container\"><h4 class=\"et_pb_module_header\">Transport und Coldstore, vollst\u00e4ndig in eigener Hand<\/h4><\/div><\/div><\/div>\n\n<div class=\"et_pb_blurb_1 et_pb_blurb et_pb_bg_layout_light et_pb_blurb_position_left et_pb_module et_flex_module\"><div class=\"et_pb_blurb_content et_flex_module\"><div class=\"et_pb_main_blurb_image\"><span class=\"et_pb_image_wrap\"><span class=\"et-pb-icon\">N<\/span><\/span><\/div><div class=\"et_pb_blurb_container\"><h4 class=\"et_pb_module_header\">Zuverl\u00e4ssige Lieferungen, immer p\u00fcnktlich und wie vereinbart<\/h4><\/div><\/div><\/div>\n\n<div class=\"et_pb_blurb_2 et_pb_blurb et_pb_bg_layout_light et_pb_blurb_position_left et_pb_module et_flex_module\"><div class=\"et_pb_blurb_content et_flex_module\"><div class=\"et_pb_main_blurb_image\"><span class=\"et_pb_image_wrap\"><span class=\"et-pb-icon\">N<\/span><\/span><\/div><div class=\"et_pb_blurb_container\"><h4 class=\"et_pb_module_header\">Temperatursicherheit unterwegs und in der K\u00fchlzelle, mit kontinuierlicher Temperaturregistrierung und Kontrolle<\/h4><\/div><\/div><\/div>\n\n<div class=\"et_pb_blurb_3 et_pb_blurb et_pb_bg_layout_light et_pb_blurb_position_left et_pb_module et_flex_module\"><div class=\"et_pb_blurb_content et_flex_module\"><div class=\"et_pb_main_blurb_image\"><span class=\"et_pb_image_wrap\"><span class=\"et-pb-icon\">N<\/span><\/span><\/div><div class=\"et_pb_blurb_container\"><h4 class=\"et_pb_module_header\">Direkte Kommunikation und 24\/7 erreichbar<\/h4><\/div><\/div><\/div>\n\n<div class=\"et_pb_blurb_4 et_pb_blurb et_pb_bg_layout_light et_pb_blurb_position_left et_pb_module et_flex_module\"><div class=\"et_pb_blurb_content et_flex_module\"><div class=\"et_pb_main_blurb_image\"><span class=\"et_pb_image_wrap\"><span class=\"et-pb-icon\">N<\/span><\/span><\/div><div class=\"et_pb_blurb_container\"><h4 class=\"et_pb_module_header\">Flexibel bei Spitzenzeiten und saisonalen Mengenstr\u00f6men<\/h4><\/div><\/div><\/div>\n\n<div class=\"et_pb_module et_pb_button_module_wrapper et_pb_button_0_wrapper\"><a class=\"et_pb_button_0 et_pb_button et_pb_bg_layout_light et_pb_module et_flex_module\" href=\"\/de\/kontakt\/\">Kontakt aufnehmen<\/a><\/div>\n<\/div>\n<\/div>\n<\/div>","protected":false},"excerpt":{"rendered":"","protected":false},"author":2,"featured_media":0,"parent":512,"menu_order":0,"comment_status":"closed","ping_status":"closed","template":"","meta":{"footnotes":""},"class_list":["post-518","page","type-page","status-publish","hentry"],"yoast_head":"<!-- This site is optimized with the Yoast SEO plugin v27.4 - https:\/\/yoast.com\/product\/yoast-seo-wordpress\/ -->\n<title>Geschichte - Cuppen<\/title>\n<meta name=\"robots\" content=\"index, follow, max-snippet:-1, max-image-preview:large, max-video-preview:-1\" \/>\n<link rel=\"canonical\" href=\"https:\/\/cuppenlogistics.nl\/de\/uber-uns\/geschichte\/\" \/>\n<meta property=\"og:locale\" content=\"de_DE\" \/>\n<meta property=\"og:type\" content=\"article\" \/>\n<meta property=\"og:title\" content=\"Geschichte - Cuppen\" \/>\n<meta property=\"og:url\" content=\"https:\/\/cuppenlogistics.nl\/de\/uber-uns\/geschichte\/\" \/>\n<meta property=\"og:site_name\" content=\"Cuppen\" \/>\n<meta property=\"article:modified_time\" content=\"2026-04-03T08:20:28+00:00\" \/>\n<meta name=\"twitter:card\" content=\"summary_large_image\" \/>\n<script type=\"application\/ld+json\" class=\"yoast-schema-graph\">{\"@context\":\"https:\\\/\\\/schema.org\",\"@graph\":[{\"@type\":\"WebPage\",\"@id\":\"https:\\\/\\\/cuppenlogistics.nl\\\/de\\\/uber-uns\\\/geschichte\\\/\",\"url\":\"https:\\\/\\\/cuppenlogistics.nl\\\/de\\\/uber-uns\\\/geschichte\\\/\",\"name\":\"Geschichte - Cuppen\",\"isPartOf\":{\"@id\":\"https:\\\/\\\/cuppenlogistics.nl\\\/de\\\/#website\"},\"datePublished\":\"2026-01-28T09:28:29+00:00\",\"dateModified\":\"2026-04-03T08:20:28+00:00\",\"breadcrumb\":{\"@id\":\"https:\\\/\\\/cuppenlogistics.nl\\\/de\\\/uber-uns\\\/geschichte\\\/#breadcrumb\"},\"inLanguage\":\"de\",\"potentialAction\":[{\"@type\":\"ReadAction\",\"target\":[\"https:\\\/\\\/cuppenlogistics.nl\\\/de\\\/uber-uns\\\/geschichte\\\/\"]}]},{\"@type\":\"BreadcrumbList\",\"@id\":\"https:\\\/\\\/cuppenlogistics.nl\\\/de\\\/uber-uns\\\/geschichte\\\/#breadcrumb\",\"itemListElement\":[{\"@type\":\"ListItem\",\"position\":1,\"name\":\"Home\",\"item\":\"https:\\\/\\\/cuppenlogistics.nl\\\/de\\\/\"},{\"@type\":\"ListItem\",\"position\":2,\"name\":\"\u00dcber uns\",\"item\":\"https:\\\/\\\/cuppenlogistics.nl\\\/de\\\/uber-uns\\\/\"},{\"@type\":\"ListItem\",\"position\":3,\"name\":\"Geschichte\"}]},{\"@type\":\"WebSite\",\"@id\":\"https:\\\/\\\/cuppenlogistics.nl\\\/de\\\/#website\",\"url\":\"https:\\\/\\\/cuppenlogistics.nl\\\/de\\\/\",\"name\":\"Cuppen\",\"description\":\"\",\"potentialAction\":[{\"@type\":\"SearchAction\",\"target\":{\"@type\":\"EntryPoint\",\"urlTemplate\":\"https:\\\/\\\/cuppenlogistics.nl\\\/de\\\/?s={search_term_string}\"},\"query-input\":{\"@type\":\"PropertyValueSpecification\",\"valueRequired\":true,\"valueName\":\"search_term_string\"}}],\"inLanguage\":\"de\"}]}<\/script>\n<!-- \/ Yoast SEO plugin. -->","yoast_head_json":{"title":"Geschichte - Cuppen","robots":{"index":"index","follow":"follow","max-snippet":"max-snippet:-1","max-image-preview":"max-image-preview:large","max-video-preview":"max-video-preview:-1"},"canonical":"https:\/\/cuppenlogistics.nl\/de\/uber-uns\/geschichte\/","og_locale":"de_DE","og_type":"article","og_title":"Geschichte - Cuppen","og_url":"https:\/\/cuppenlogistics.nl\/de\/uber-uns\/geschichte\/","og_site_name":"Cuppen","article_modified_time":"2026-04-03T08:20:28+00:00","twitter_card":"summary_large_image","schema":{"@context":"https:\/\/schema.org","@graph":[{"@type":"WebPage","@id":"https:\/\/cuppenlogistics.nl\/de\/uber-uns\/geschichte\/","url":"https:\/\/cuppenlogistics.nl\/de\/uber-uns\/geschichte\/","name":"Geschichte - Cuppen","isPartOf":{"@id":"https:\/\/cuppenlogistics.nl\/de\/#website"},"datePublished":"2026-01-28T09:28:29+00:00","dateModified":"2026-04-03T08:20:28+00:00","breadcrumb":{"@id":"https:\/\/cuppenlogistics.nl\/de\/uber-uns\/geschichte\/#breadcrumb"},"inLanguage":"de","potentialAction":[{"@type":"ReadAction","target":["https:\/\/cuppenlogistics.nl\/de\/uber-uns\/geschichte\/"]}]},{"@type":"BreadcrumbList","@id":"https:\/\/cuppenlogistics.nl\/de\/uber-uns\/geschichte\/#breadcrumb","itemListElement":[{"@type":"ListItem","position":1,"name":"Home","item":"https:\/\/cuppenlogistics.nl\/de\/"},{"@type":"ListItem","position":2,"name":"\u00dcber uns","item":"https:\/\/cuppenlogistics.nl\/de\/uber-uns\/"},{"@type":"ListItem","position":3,"name":"Geschichte"}]},{"@type":"WebSite","@id":"https:\/\/cuppenlogistics.nl\/de\/#website","url":"https:\/\/cuppenlogistics.nl\/de\/","name":"Cuppen","description":"","potentialAction":[{"@type":"SearchAction","target":{"@type":"EntryPoint","urlTemplate":"https:\/\/cuppenlogistics.nl\/de\/?s={search_term_string}"},"query-input":{"@type":"PropertyValueSpecification","valueRequired":true,"valueName":"search_term_string"}}],"inLanguage":"de"}]}},"_links":{"self":[{"href":"https:\/\/cuppenlogistics.nl\/de\/wp-json\/wp\/v2\/pages\/518","targetHints":{"allow":["GET"]}}],"collection":[{"href":"https:\/\/cuppenlogistics.nl\/de\/wp-json\/wp\/v2\/pages"}],"about":[{"href":"https:\/\/cuppenlogistics.nl\/de\/wp-json\/wp\/v2\/types\/page"}],"author":[{"embeddable":true,"href":"https:\/\/cuppenlogistics.nl\/de\/wp-json\/wp\/v2\/users\/2"}],"replies":[{"embeddable":true,"href":"https:\/\/cuppenlogistics.nl\/de\/wp-json\/wp\/v2\/comments?post=518"}],"version-history":[{"count":12,"href":"https:\/\/cuppenlogistics.nl\/de\/wp-json\/wp\/v2\/pages\/518\/revisions"}],"predecessor-version":[{"id":853,"href":"https:\/\/cuppenlogistics.nl\/de\/wp-json\/wp\/v2\/pages\/518\/revisions\/853"}],"up":[{"embeddable":true,"href":"https:\/\/cuppenlogistics.nl\/de\/wp-json\/wp\/v2\/pages\/512"}],"wp:attachment":[{"href":"https:\/\/cuppenlogistics.nl\/de\/wp-json\/wp\/v2\/media?parent=518"}],"curies":[{"name":"wp","href":"https:\/\/api.w.org\/{rel}","templated":true}]}}