{"id":506,"date":"2025-12-18T10:43:13","date_gmt":"2025-12-18T10:43:13","guid":{"rendered":"https:\/\/cuppen.makkerspreview.nl\/coldstore\/"},"modified":"2026-04-03T08:19:11","modified_gmt":"2026-04-03T08:19:11","slug":"coldstore","status":"publish","type":"page","link":"https:\/\/cuppenlogistics.nl\/de\/coldstore\/","title":{"rendered":"Coldstore"},"content":{"rendered":"<div class=\"et_pb_section_0 et_pb_section et_section_regular et_block_section\">\n<div class=\"et_pb_row_0 et_pb_row et_flex_row\">\n<div class=\"et_pb_column_0 et_pb_column et-last-child et_flex_column et_pb_css_mix_blend_mode_passthrough et_flex_column_24_24 et_flex_column_24_24_tablet et_flex_column_24_24_phone\">\n<div class=\"et_pb_text_0 et_pb_text et_pb_bg_layout_light et_pb_module et_flex_module\"><div class=\"et_pb_text_inner\"><h1>Coldstore<\/h1>\n<\/div><\/div>\n<\/div>\n<\/div>\n<\/div>\n\n<div class=\"et_pb_section_1 et_pb_section et_section_regular et_flex_section\">\n<div class=\"et_pb_row_1 et_pb_row et_flex_row\">\n<div class=\"et_pb_column_1 et_pb_column et_flex_column et_pb_css_mix_blend_mode_passthrough et_flex_column_3_5 et_flex_column_3_5_tablet et_flex_column_24_24_phone\">\n<div class=\"et_pb_text_1 et_pb_text et_pb_bg_layout_light et_pb_module et_flex_module\"><div class=\"et_pb_text_inner\"><h2><span style=\"color: #003366;\">Spezialist f\u00fcr gek\u00fchlte Lagerung<\/span><\/h2>\n<\/div><\/div>\n\n<div class=\"et_pb_text_2 et_pb_text et_pb_bg_layout_light et_pb_module et_flex_module\"><div class=\"et_pb_text_inner\"><p><span style=\"color: #003366;\">Bei Cuppen Coldstore lagern wir Ihre Produkte unter den richtigen Bedingungen, mit voller Kontrolle \u00fcber Temperatur und Planung. Ob es um eine vor\u00fcbergehende Lagerung oder eine strukturelle L\u00f6sung geht, wir sorgen in jedem Schritt f\u00fcr Sicherheit. Mit modernen K\u00fchlzellen, klaren Vereinbarungen und direkter Kommunikation behalten Sie die Kontrolle \u00fcber Ihre gek\u00fchlte Logistik.<\/span><\/p>\n<\/div>\n<div class=\"et_pb_module et_pb_button_module_wrapper et_pb_button_0_wrapper\"><a class=\"et_pb_button_0 et_pb_button et_pb_bg_layout_light et_pb_module et_flex_module\" href=\"\/de\/kontakt\/\">Kontakt aufnehmen<\/a><\/div>\n<\/div>\n<\/div>\n\n<div class=\"et_pb_column_2 et_pb_column et-last-child et_flex_column et_pb_css_mix_blend_mode_passthrough et_flex_column_2_5 et_flex_column_2_5_tablet et_flex_column_24_24_phone\">\n<div class=\"et_pb_blurb_0 et_pb_blurb et_pb_bg_layout_light et_pb_blurb_position_left et_pb_module et_flex_module\"><div class=\"et_pb_blurb_content et_flex_module\"><div class=\"et_pb_main_blurb_image\"><span class=\"et_pb_image_wrap\"><span class=\"et-pb-icon\">N<\/span><\/span><\/div><div class=\"et_pb_blurb_container\"><h4 class=\"et_pb_module_header\">35.000 Palettenpl\u00e4tze in 68 individuell einstellbaren K\u00fchlzellen<\/h4><\/div><\/div><\/div>\n\n<div class=\"et_pb_blurb_1 et_pb_blurb et_pb_bg_layout_light et_pb_blurb_position_left et_pb_module et_flex_module\"><div class=\"et_pb_blurb_content et_flex_module\"><div class=\"et_pb_main_blurb_image\"><span class=\"et_pb_image_wrap\"><span class=\"et-pb-icon\">N<\/span><\/span><\/div><div class=\"et_pb_blurb_container\"><h4 class=\"et_pb_module_header\">IFS-zertifizierte Lagerung mit kontinuierlicher Temperatur\u00fcberwachung<\/h4><\/div><\/div><\/div>\n\n<div class=\"et_pb_blurb_2 et_pb_blurb et_pb_bg_layout_light et_pb_blurb_position_left et_pb_module et_flex_module\"><div class=\"et_pb_blurb_content et_flex_module\"><div class=\"et_pb_main_blurb_image\"><span class=\"et_pb_image_wrap\"><span class=\"et-pb-icon\">N<\/span><\/span><\/div><div class=\"et_pb_blurb_container\"><h4 class=\"et_pb_module_header\">Integrierte Anbindung an den eigenen Transport f\u00fcr volle Kontrolle \u00fcber die gesamte Logistikkette<\/h4><\/div><\/div><\/div>\n<\/div>\n<\/div>\n<\/div>\n\n<div class=\"et_pb_section_2 et_pb_section et_section_regular et_flex_section\">\n<div class=\"et_pb_row_2 et_pb_row et_flex_row\">\n<div class=\"et_pb_column_3 et_pb_column et_flex_column et_pb_css_mix_blend_mode_passthrough et_flex_column_8_24 et_flex_column_8_24_tablet et_flex_column_24_24_phone\">\n<div class=\"et_pb_image_0 et_pb_image et_pb_image_bottom_space_phone et_pb_module et_flex_module\"><span class=\"et_pb_image_wrap\"><img decoding=\"async\" src=\"https:\/\/cuppenlogistics.nl\/wp-content\/uploads\/2026\/02\/Cuppen-Coldstore.jpg\" title=\"Cuppen - Coldstore\" width=\"1600\" height=\"1600\" srcset=\"https:\/\/cuppenlogistics.nl\/wp-content\/uploads\/2026\/02\/Cuppen-Coldstore.jpg 1600w, https:\/\/cuppenlogistics.nl\/wp-content\/uploads\/2026\/02\/Cuppen-Coldstore-1280x1280.jpg 1280w, https:\/\/cuppenlogistics.nl\/wp-content\/uploads\/2026\/02\/Cuppen-Coldstore-980x980.jpg 980w, https:\/\/cuppenlogistics.nl\/wp-content\/uploads\/2026\/02\/Cuppen-Coldstore-480x480.jpg 480w\" sizes=\"(min-width: 0px) and (max-width: 480px) 480px, (min-width: 481px) and (max-width: 980px) 980px, (min-width: 981px) and (max-width: 1280px) 1280px, (min-width: 1281px) 1600px, 100vw\" class=\"wp-image-368\" \/><\/span><\/div>\n<\/div>\n\n<div class=\"et_pb_column_4 et_pb_column et-last-child et_flex_column et_pb_css_mix_blend_mode_passthrough et_flex_column_16_24 et_flex_column_16_24_tablet et_flex_column_24_24_phone\">\n<div class=\"et_pb_text_3 et_pb_text et_pb_bg_layout_light et_pb_module et_flex_module\"><div class=\"et_pb_text_inner\"><h2>Flexible Lagerung f\u00fcr jede Gr\u00f6\u00dfenordnung<\/h2>\n<\/div><\/div>\n\n<div class=\"et_pb_text_4 et_pb_text et_pb_bg_layout_light et_pb_module et_flex_module\"><div class=\"et_pb_text_inner\"><p>Wir verf\u00fcgen \u00fcber 68 K\u00fchlzellen mit insgesamt 35.000 Palettenpl\u00e4tzen. Dadurch k\u00f6nnen Kunden bei uns sowohl einzelne Paletten lagern als auch komplette K\u00fchlzellen mieten.<\/p>\n<p>Diese gro\u00dfz\u00fcgige Kapazit\u00e4t erm\u00f6glicht es, eine gro\u00dfe Vielfalt an Produkten zu lagern. Dazu geh\u00f6ren unter anderem Pflanzen, Rosen und Gem\u00fcse, aber auch Eier, Mehl, Obst und andere temperaturempfindliche Produkte.<\/p>\n<p>Jede K\u00fchlzelle ist einzeln auf Temperaturen zwischen \u22122 und +15 Grad einstellbar. So wird jedes Produkt unter den richtigen Bedingungen gelagert.<\/p>\n<p>Unsere IFS-Logistikzertifizierung und die Skal-Zertifizierung stellen sicher, dass Qualit\u00e4t und Lebensmittelsicherheit jederzeit gew\u00e4hrleistet sind. Alle Zellen werden kontinuierlich temperatur\u00fcberwacht, sodass Abweichungen sofort erkannt und umgehend bearbeitet werden.<\/p>\n<\/div><\/div>\n<\/div>\n<\/div>\n<\/div>\n\n<div class=\"et_pb_section_3 et_pb_section et_section_regular et_flex_section\">\n<div class=\"et_pb_row_3 et_pb_row et_flex_row\">\n<div class=\"et_pb_column_5 et_pb_column et_flex_column et_pb_css_mix_blend_mode_passthrough et_flex_column_8_24 et_flex_column_8_24_tablet et_flex_column_24_24_phone\">\n<div class=\"et_pb_image_1 et_pb_image et_pb_image_bottom_space_phone et_pb_module et_flex_module\"><span class=\"et_pb_image_wrap\"><img decoding=\"async\" src=\"https:\/\/cuppenlogistics.nl\/wp-content\/uploads\/2026\/02\/Cuppen-Coldstore-1.png\" title=\"Cuppen - Coldstore (1)\" width=\"1600\" height=\"1600\" srcset=\"https:\/\/cuppenlogistics.nl\/wp-content\/uploads\/2026\/02\/Cuppen-Coldstore-1.png 1600w, https:\/\/cuppenlogistics.nl\/wp-content\/uploads\/2026\/02\/Cuppen-Coldstore-1-1280x1280.png 1280w, https:\/\/cuppenlogistics.nl\/wp-content\/uploads\/2026\/02\/Cuppen-Coldstore-1-980x980.png 980w, https:\/\/cuppenlogistics.nl\/wp-content\/uploads\/2026\/02\/Cuppen-Coldstore-1-480x480.png 480w\" sizes=\"(min-width: 0px) and (max-width: 480px) 480px, (min-width: 481px) and (max-width: 980px) 980px, (min-width: 981px) and (max-width: 1280px) 1280px, (min-width: 1281px) 1600px, 100vw\" class=\"wp-image-369\" \/><\/span><\/div>\n<\/div>\n\n<div class=\"et_pb_column_6 et_pb_column et-last-child et_flex_column et_pb_css_mix_blend_mode_passthrough et_flex_column_16_24 et_flex_column_16_24_tablet et_flex_column_24_24_phone\">\n<div class=\"et_pb_text_5 et_pb_text et_pb_bg_layout_light et_pb_module et_flex_module\"><div class=\"et_pb_text_inner\"><h2>Von der K\u00fchlzelle bis zum Bestimmungsort<\/h2>\n<\/div><\/div>\n\n<div class=\"et_pb_text_6 et_pb_text et_pb_bg_layout_light et_pb_module et_flex_module\"><div class=\"et_pb_text_inner\"><p>Die Coldstore ist ein wichtiger Bestandteil der Logistikkette. Lagerung und Transport greifen nahtlos ineinander. So behalten wir die Kontrolle \u00fcber die gesamte Kette und vermeiden Fehler oder Verz\u00f6gerungen.<\/p>\n<p>Als zus\u00e4tzlicher Service ist Cuppen Coldstore ein anerkannter Inspektionsstandort f\u00fcr den Import von \u00dcbersee-Obst und -Gem\u00fcse. Damit bieten unsere Einrichtungen eine vollst\u00e4ndige L\u00f6sung f\u00fcr Unternehmen, die Sicherheit in ihrer gek\u00fchlten Logistik suchen.<\/p>\n<\/div><\/div>\n\n<div class=\"et_pb_module et_pb_button_module_wrapper et_pb_button_1_wrapper\"><a class=\"et_pb_button_1 et_pb_button et_pb_bg_layout_light et_pb_module et_flex_module\" href=\"\/de\/kontakt\/\">Kontakt aufnehmen<\/a><\/div>\n<\/div>\n<\/div>\n<\/div>\n\n<div class=\"et_pb_section_4 et_pb_section et_section_regular et_flex_section\">\n<div class=\"et_pb_row_4 et_pb_row et_grid_row\">\n<div class=\"et_pb_column_7 et_pb_column et_flex_column et_pb_css_mix_blend_mode_passthrough\">\n<div class=\"et_pb_text_7 et_pb_text et_pb_bg_layout_light et_pb_module et_flex_module\"><div class=\"et_pb_text_inner\"><h2>Entdecken Sie auch unsere Logistikdienstleistungen<\/h2>\n<\/div><\/div>\n\n<div class=\"et_pb_text_8 et_pb_text et_pb_bg_layout_light et_pb_module et_flex_module\"><div class=\"et_pb_text_inner\"><p>Neben der Lagerung organisieren wir auch den Transport vollst\u00e4ndig in eigener Hand. Entdecken Sie, wie unsere Logistik Ihre Lieferkette st\u00e4rken kann.<\/p>\n<\/div>\n<div class=\"et_pb_module et_pb_button_module_wrapper et_pb_button_2_wrapper\"><a class=\"et_pb_button_2 et_pb_button et_pb_bg_layout_light et_pb_module et_flex_module\" href=\"\/de\/logistics\/\">Entdecken Sie unsere Logistik<\/a><\/div>\n<\/div>\n<\/div>\n\n<div class=\"et_pb_column_8 et_pb_column et-last-child et_flex_column et_pb_css_mix_blend_mode_passthrough\">\n<div class=\"et_pb_image_2 et_pb_image et_pb_module et_flex_module\"><span class=\"et_pb_image_wrap\"><img decoding=\"async\" src=\"https:\/\/cuppenlogistics.nl\/wp-content\/uploads\/2026\/03\/1262317-2.jpg\" title=\"_1262317\" width=\"1600\" height=\"1066\" srcset=\"https:\/\/cuppenlogistics.nl\/wp-content\/uploads\/2026\/03\/1262317-2.jpg 1600w, https:\/\/cuppenlogistics.nl\/wp-content\/uploads\/2026\/03\/1262317-2-1280x853.jpg 1280w, https:\/\/cuppenlogistics.nl\/wp-content\/uploads\/2026\/03\/1262317-2-980x653.jpg 980w, https:\/\/cuppenlogistics.nl\/wp-content\/uploads\/2026\/03\/1262317-2-480x320.jpg 480w\" sizes=\"(min-width: 0px) and (max-width: 480px) 480px, (min-width: 481px) and (max-width: 980px) 980px, (min-width: 981px) and (max-width: 1280px) 1280px, (min-width: 1281px) 1600px, 100vw\" class=\"wp-image-704\" \/><\/span><\/div>\n<\/div>\n<\/div>\n<\/div>\n\n<div class=\"et_pb_section_5 et_pb_section et_section_regular et_flex_section\">\n<div class=\"et_pb_row_5 et_pb_row et_flex_row\">\n<div class=\"et_pb_column_9 et_pb_column et_flex_column et_pb_css_mix_blend_mode_passthrough et_flex_column_8_24 et_flex_column_8_24_tablet et_flex_column_24_24_phone\">\n<div class=\"et_pb_image_3 et_pb_image et_pb_image_bottom_space_phone et_pb_module et_flex_module\"><span class=\"et_pb_image_wrap\"><img decoding=\"async\" src=\"https:\/\/cuppenlogistics.nl\/wp-content\/uploads\/2026\/03\/Cuppen-Contact-3.jpg\" title=\"Cuppen - Contact (3)\" width=\"1200\" height=\"1200\" srcset=\"https:\/\/cuppenlogistics.nl\/wp-content\/uploads\/2026\/03\/Cuppen-Contact-3.jpg 1200w, https:\/\/cuppenlogistics.nl\/wp-content\/uploads\/2026\/03\/Cuppen-Contact-3-980x980.jpg 980w, https:\/\/cuppenlogistics.nl\/wp-content\/uploads\/2026\/03\/Cuppen-Contact-3-480x480.jpg 480w\" sizes=\"(min-width: 0px) and (max-width: 480px) 480px, (min-width: 481px) and (max-width: 980px) 980px, (min-width: 981px) 1200px, 100vw\" class=\"wp-image-426\" \/><\/span><\/div>\n<\/div>\n\n<div class=\"et_pb_column_10 et_pb_column et-last-child et_flex_column et_pb_css_mix_blend_mode_passthrough et_flex_column_16_24 et_flex_column_16_24_tablet et_flex_column_24_24_phone\">\n<div class=\"et_pb_text_9 et_pb_text et_pb_bg_layout_light et_pb_module et_flex_module\"><div class=\"et_pb_text_inner\"><h2>Neugierig, was wir f\u00fcr Sie tun k\u00f6nnen?<\/h2>\n<\/div><\/div>\n\n<div class=\"et_pb_text_10 et_pb_text et_pb_bg_layout_light et_pb_module et_flex_module\"><div class=\"et_pb_text_inner\"><p>Kontaktieren Sie unsere Transportplanung<br \/><a href=\"tel:+31-(0)773977070\">+31-(0)77 3977070<\/a><\/p>\n<\/div><\/div>\n\n<div class=\"et_pb_blurb_3 et_pb_blurb et_pb_bg_layout_light et_pb_blurb_position_left et_pb_module et_flex_module\"><div class=\"et_pb_blurb_content et_flex_module\"><div class=\"et_pb_main_blurb_image\"><span class=\"et_pb_image_wrap\"><span class=\"et-pb-icon\">N<\/span><\/span><\/div><div class=\"et_pb_blurb_container\"><h4 class=\"et_pb_module_header\">Transport und Coldstore, vollst\u00e4ndig in eigener Hand<\/h4><\/div><\/div><\/div>\n\n<div class=\"et_pb_blurb_4 et_pb_blurb et_pb_bg_layout_light et_pb_blurb_position_left et_pb_module et_flex_module\"><div class=\"et_pb_blurb_content et_flex_module\"><div class=\"et_pb_main_blurb_image\"><span class=\"et_pb_image_wrap\"><span class=\"et-pb-icon\">N<\/span><\/span><\/div><div class=\"et_pb_blurb_container\"><h4 class=\"et_pb_module_header\">Zuverl\u00e4ssige Lieferungen, immer p\u00fcnktlich und wie vereinbart<\/h4><\/div><\/div><\/div>\n\n<div class=\"et_pb_blurb_5 et_pb_blurb et_pb_bg_layout_light et_pb_blurb_position_left et_pb_module et_flex_module\"><div class=\"et_pb_blurb_content et_flex_module\"><div class=\"et_pb_main_blurb_image\"><span class=\"et_pb_image_wrap\"><span class=\"et-pb-icon\">N<\/span><\/span><\/div><div class=\"et_pb_blurb_container\"><h4 class=\"et_pb_module_header\">Temperatursicherheit unterwegs und in der K\u00fchlzelle, mit kontinuierlicher Temperaturregistrierung und Kontrolle<\/h4><\/div><\/div><\/div>\n\n<div class=\"et_pb_blurb_6 et_pb_blurb et_pb_bg_layout_light et_pb_blurb_position_left et_pb_module et_flex_module\"><div class=\"et_pb_blurb_content et_flex_module\"><div class=\"et_pb_main_blurb_image\"><span class=\"et_pb_image_wrap\"><span class=\"et-pb-icon\">N<\/span><\/span><\/div><div class=\"et_pb_blurb_container\"><h4 class=\"et_pb_module_header\">Direkte Kommunikation und 24\/7 erreichbar<\/h4><\/div><\/div><\/div>\n\n<div class=\"et_pb_blurb_7 et_pb_blurb et_pb_bg_layout_light et_pb_blurb_position_left et_pb_module et_flex_module\"><div class=\"et_pb_blurb_content et_flex_module\"><div class=\"et_pb_main_blurb_image\"><span class=\"et_pb_image_wrap\"><span class=\"et-pb-icon\">N<\/span><\/span><\/div><div class=\"et_pb_blurb_container\"><h4 class=\"et_pb_module_header\">Flexibel bei Spitzenzeiten und saisonalen Mengenstr\u00f6men<\/h4><\/div><\/div><\/div>\n\n<div class=\"et_pb_module et_pb_button_module_wrapper et_pb_button_3_wrapper\"><a class=\"et_pb_button_3 et_pb_button et_pb_bg_layout_light et_pb_module et_flex_module\" href=\"\/de\/kontakt\/\">Kontakt aufnehmen<\/a><\/div>\n<\/div>\n<\/div>\n<\/div>","protected":false},"excerpt":{"rendered":"","protected":false},"author":2,"featured_media":0,"parent":0,"menu_order":0,"comment_status":"closed","ping_status":"closed","template":"","meta":{"footnotes":""},"class_list":["post-506","page","type-page","status-publish","hentry"],"yoast_head":"<!-- This site is optimized with the Yoast SEO plugin v27.4 - https:\/\/yoast.com\/product\/yoast-seo-wordpress\/ -->\n<title>Coldstore - Cuppen<\/title>\n<meta name=\"robots\" content=\"index, follow, max-snippet:-1, max-image-preview:large, max-video-preview:-1\" \/>\n<link rel=\"canonical\" href=\"https:\/\/cuppenlogistics.nl\/de\/coldstore\/\" \/>\n<meta property=\"og:locale\" content=\"de_DE\" \/>\n<meta property=\"og:type\" content=\"article\" \/>\n<meta property=\"og:title\" content=\"Coldstore - Cuppen\" \/>\n<meta property=\"og:url\" content=\"https:\/\/cuppenlogistics.nl\/de\/coldstore\/\" \/>\n<meta property=\"og:site_name\" content=\"Cuppen\" \/>\n<meta property=\"article:modified_time\" content=\"2026-04-03T08:19:11+00:00\" \/>\n<meta name=\"twitter:card\" content=\"summary_large_image\" \/>\n<script type=\"application\/ld+json\" class=\"yoast-schema-graph\">{\"@context\":\"https:\\\/\\\/schema.org\",\"@graph\":[{\"@type\":\"WebPage\",\"@id\":\"https:\\\/\\\/cuppenlogistics.nl\\\/de\\\/coldstore\\\/\",\"url\":\"https:\\\/\\\/cuppenlogistics.nl\\\/de\\\/coldstore\\\/\",\"name\":\"Coldstore - Cuppen\",\"isPartOf\":{\"@id\":\"https:\\\/\\\/cuppenlogistics.nl\\\/de\\\/#website\"},\"datePublished\":\"2025-12-18T10:43:13+00:00\",\"dateModified\":\"2026-04-03T08:19:11+00:00\",\"breadcrumb\":{\"@id\":\"https:\\\/\\\/cuppenlogistics.nl\\\/de\\\/coldstore\\\/#breadcrumb\"},\"inLanguage\":\"de\",\"potentialAction\":[{\"@type\":\"ReadAction\",\"target\":[\"https:\\\/\\\/cuppenlogistics.nl\\\/de\\\/coldstore\\\/\"]}]},{\"@type\":\"BreadcrumbList\",\"@id\":\"https:\\\/\\\/cuppenlogistics.nl\\\/de\\\/coldstore\\\/#breadcrumb\",\"itemListElement\":[{\"@type\":\"ListItem\",\"position\":1,\"name\":\"Home\",\"item\":\"https:\\\/\\\/cuppenlogistics.nl\\\/de\\\/\"},{\"@type\":\"ListItem\",\"position\":2,\"name\":\"Coldstore\"}]},{\"@type\":\"WebSite\",\"@id\":\"https:\\\/\\\/cuppenlogistics.nl\\\/de\\\/#website\",\"url\":\"https:\\\/\\\/cuppenlogistics.nl\\\/de\\\/\",\"name\":\"Cuppen\",\"description\":\"\",\"potentialAction\":[{\"@type\":\"SearchAction\",\"target\":{\"@type\":\"EntryPoint\",\"urlTemplate\":\"https:\\\/\\\/cuppenlogistics.nl\\\/de\\\/?s={search_term_string}\"},\"query-input\":{\"@type\":\"PropertyValueSpecification\",\"valueRequired\":true,\"valueName\":\"search_term_string\"}}],\"inLanguage\":\"de\"}]}<\/script>\n<!-- \/ Yoast SEO plugin. -->","yoast_head_json":{"title":"Coldstore - Cuppen","robots":{"index":"index","follow":"follow","max-snippet":"max-snippet:-1","max-image-preview":"max-image-preview:large","max-video-preview":"max-video-preview:-1"},"canonical":"https:\/\/cuppenlogistics.nl\/de\/coldstore\/","og_locale":"de_DE","og_type":"article","og_title":"Coldstore - Cuppen","og_url":"https:\/\/cuppenlogistics.nl\/de\/coldstore\/","og_site_name":"Cuppen","article_modified_time":"2026-04-03T08:19:11+00:00","twitter_card":"summary_large_image","schema":{"@context":"https:\/\/schema.org","@graph":[{"@type":"WebPage","@id":"https:\/\/cuppenlogistics.nl\/de\/coldstore\/","url":"https:\/\/cuppenlogistics.nl\/de\/coldstore\/","name":"Coldstore - Cuppen","isPartOf":{"@id":"https:\/\/cuppenlogistics.nl\/de\/#website"},"datePublished":"2025-12-18T10:43:13+00:00","dateModified":"2026-04-03T08:19:11+00:00","breadcrumb":{"@id":"https:\/\/cuppenlogistics.nl\/de\/coldstore\/#breadcrumb"},"inLanguage":"de","potentialAction":[{"@type":"ReadAction","target":["https:\/\/cuppenlogistics.nl\/de\/coldstore\/"]}]},{"@type":"BreadcrumbList","@id":"https:\/\/cuppenlogistics.nl\/de\/coldstore\/#breadcrumb","itemListElement":[{"@type":"ListItem","position":1,"name":"Home","item":"https:\/\/cuppenlogistics.nl\/de\/"},{"@type":"ListItem","position":2,"name":"Coldstore"}]},{"@type":"WebSite","@id":"https:\/\/cuppenlogistics.nl\/de\/#website","url":"https:\/\/cuppenlogistics.nl\/de\/","name":"Cuppen","description":"","potentialAction":[{"@type":"SearchAction","target":{"@type":"EntryPoint","urlTemplate":"https:\/\/cuppenlogistics.nl\/de\/?s={search_term_string}"},"query-input":{"@type":"PropertyValueSpecification","valueRequired":true,"valueName":"search_term_string"}}],"inLanguage":"de"}]}},"_links":{"self":[{"href":"https:\/\/cuppenlogistics.nl\/de\/wp-json\/wp\/v2\/pages\/506","targetHints":{"allow":["GET"]}}],"collection":[{"href":"https:\/\/cuppenlogistics.nl\/de\/wp-json\/wp\/v2\/pages"}],"about":[{"href":"https:\/\/cuppenlogistics.nl\/de\/wp-json\/wp\/v2\/types\/page"}],"author":[{"embeddable":true,"href":"https:\/\/cuppenlogistics.nl\/de\/wp-json\/wp\/v2\/users\/2"}],"replies":[{"embeddable":true,"href":"https:\/\/cuppenlogistics.nl\/de\/wp-json\/wp\/v2\/comments?post=506"}],"version-history":[{"count":11,"href":"https:\/\/cuppenlogistics.nl\/de\/wp-json\/wp\/v2\/pages\/506\/revisions"}],"predecessor-version":[{"id":851,"href":"https:\/\/cuppenlogistics.nl\/de\/wp-json\/wp\/v2\/pages\/506\/revisions\/851"}],"wp:attachment":[{"href":"https:\/\/cuppenlogistics.nl\/de\/wp-json\/wp\/v2\/media?parent=506"}],"curies":[{"name":"wp","href":"https:\/\/api.w.org\/{rel}","templated":true}]}}