{"id":504,"date":"2025-12-04T10:49:53","date_gmt":"2025-12-04T10:49:53","guid":{"rendered":"https:\/\/cuppen.makkerspreview.nl\/home\/"},"modified":"2026-04-03T11:30:24","modified_gmt":"2026-04-03T11:30:24","slug":"home","status":"publish","type":"page","link":"https:\/\/cuppenlogistics.nl\/de\/","title":{"rendered":"Home"},"content":{"rendered":"<div class=\"et_pb_section_0 et_pb_section et_section_regular et_block_section\">\n<div class=\"et_pb_row_0 et_pb_row et_flex_row\">\n<div class=\"et_pb_column_0 et_pb_column et-last-child et_flex_column et_pb_css_mix_blend_mode_passthrough et_flex_column_24_24 et_flex_column_24_24_tablet et_flex_column_24_24_phone\">\n<div class=\"et_pb_text_0 et_pb_text et_pb_bg_layout_light et_pb_module et_flex_module\"><div class=\"et_pb_text_inner\"><h1>Cuppen<\/h1>\n<h1>regelt das.<\/h1>\n<\/div><\/div>\n\n<div class=\"et_pb_module et_pb_button_module_wrapper et_pb_button_0_wrapper\"><a class=\"et_pb_button_0 et_pb_button et_pb_bg_layout_light et_pb_module et_flex_module\" href=\"\/de\/kontakt\/\">Kontakt aufnehmen<\/a><\/div>\n<\/div>\n<\/div>\n<\/div>\n\n<div class=\"et_pb_section_1 et_pb_section et_section_regular et_flex_section\">\n<div class=\"et_pb_row_1 et_pb_row et_flex_row\">\n<div class=\"et_pb_column_1 et_pb_column et_flex_column et_pb_css_mix_blend_mode_passthrough et_flex_column_8_24 et_flex_column_8_24_tablet et_flex_column_24_24_phone\">\n<div class=\"et_pb_image_0 et_pb_image et_pb_image_bottom_space_phone et_pb_module et_flex_module\"><span class=\"et_pb_image_wrap\"><img decoding=\"async\" src=\"https:\/\/cuppenlogistics.nl\/wp-content\/uploads\/2026\/03\/126354-2.jpg\" title=\"_126354\" width=\"1200\" height=\"1200\" srcset=\"https:\/\/cuppenlogistics.nl\/wp-content\/uploads\/2026\/03\/126354-2.jpg 1200w, https:\/\/cuppenlogistics.nl\/wp-content\/uploads\/2026\/03\/126354-2-980x980.jpg 980w, https:\/\/cuppenlogistics.nl\/wp-content\/uploads\/2026\/03\/126354-2-480x480.jpg 480w\" sizes=\"(min-width: 0px) and (max-width: 480px) 480px, (min-width: 481px) and (max-width: 980px) 980px, (min-width: 981px) 1200px, 100vw\" class=\"wp-image-691\" \/><\/span><\/div>\n<\/div>\n\n<div class=\"et_pb_column_2 et_pb_column et-last-child et_flex_column et_pb_css_mix_blend_mode_passthrough et_flex_column_16_24 et_flex_column_16_24_tablet et_flex_column_24_24_phone\">\n<div class=\"et_pb_text_1 et_pb_text et_pb_bg_layout_light et_pb_module et_flex_module\"><div class=\"et_pb_text_inner\"><p>Seit Generationen l\u00f6sen wir die logistische Herausforderung f\u00fcr unsere Kunden. Wir verbinden temperaturgef\u00fchrten Transport und Coldstore-Lagerung unter einem Dach. Mit direkter Abstimmung, handwerklichem K\u00f6nnen und einem eingespielten Team sorgen wir daf\u00fcr, dass Ihre Produkte p\u00fcnktlich und in einwandfreiem Zustand ankommen.<\/p>\n<\/div><\/div>\n\n<div class=\"et_pb_blurb_0 et_pb_blurb et_pb_bg_layout_light et_pb_blurb_position_left et_pb_module et_flex_module\"><div class=\"et_pb_blurb_content et_flex_module\"><div class=\"et_pb_main_blurb_image\"><span class=\"et_pb_image_wrap\"><span class=\"et-pb-icon\">N<\/span><\/span><\/div><div class=\"et_pb_blurb_container\"><h4 class=\"et_pb_module_header\">Transport und Coldstore, vollst\u00e4ndig in eigener Hand<\/h4><\/div><\/div><\/div>\n\n<div class=\"et_pb_blurb_1 et_pb_blurb et_pb_bg_layout_light et_pb_blurb_position_left et_pb_module et_flex_module\"><div class=\"et_pb_blurb_content et_flex_module\"><div class=\"et_pb_main_blurb_image\"><span class=\"et_pb_image_wrap\"><span class=\"et-pb-icon\">N<\/span><\/span><\/div><div class=\"et_pb_blurb_container\"><h4 class=\"et_pb_module_header\">Zuverl\u00e4ssige Lieferungen, immer p\u00fcnktlich und wie vereinbart<\/h4><\/div><\/div><\/div>\n\n<div class=\"et_pb_blurb_2 et_pb_blurb et_pb_bg_layout_light et_pb_blurb_position_left et_pb_module et_flex_module\"><div class=\"et_pb_blurb_content et_flex_module\"><div class=\"et_pb_main_blurb_image\"><span class=\"et_pb_image_wrap\"><span class=\"et-pb-icon\">N<\/span><\/span><\/div><div class=\"et_pb_blurb_container\"><h4 class=\"et_pb_module_header\">Temperatursicherheit unterwegs und in der K\u00fchlzelle, mit kontinuierlicher Temperaturregistrierung und Kontrolle<\/h4><\/div><\/div><\/div>\n\n<div class=\"et_pb_blurb_3 et_pb_blurb et_pb_bg_layout_light et_pb_blurb_position_left et_pb_module et_flex_module\"><div class=\"et_pb_blurb_content et_flex_module\"><div class=\"et_pb_main_blurb_image\"><span class=\"et_pb_image_wrap\"><span class=\"et-pb-icon\">N<\/span><\/span><\/div><div class=\"et_pb_blurb_container\"><h4 class=\"et_pb_module_header\">Direkte Kommunikation und 24\/7 erreichbar<\/h4><\/div><\/div><\/div>\n\n<div class=\"et_pb_blurb_4 et_pb_blurb et_pb_bg_layout_light et_pb_blurb_position_left et_pb_module et_flex_module\"><div class=\"et_pb_blurb_content et_flex_module\"><div class=\"et_pb_main_blurb_image\"><span class=\"et_pb_image_wrap\"><span class=\"et-pb-icon\">N<\/span><\/span><\/div><div class=\"et_pb_blurb_container\"><h4 class=\"et_pb_module_header\">Flexibel bei Spitzenzeiten und saisonalen Mengenstr\u00f6men<\/h4><\/div><\/div><\/div>\n\n<div class=\"et_pb_module et_pb_button_module_wrapper et_pb_button_1_wrapper\"><a class=\"et_pb_button_1 et_pb_button et_pb_bg_layout_light et_pb_module et_flex_module\" href=\"\/de\/kontakt\">Kontakt aufnehmen<\/a><\/div>\n<\/div>\n<\/div>\n<\/div>\n\n<div class=\"et_pb_section_2 et_pb_section et_section_regular et_flex_section\">\n<div class=\"et_pb_row_2 et_pb_row et_flex_row\">\n<div class=\"et_pb_column_3 et_pb_column et_flex_column et_pb_css_mix_blend_mode_passthrough et_flex_column_12_24 et_flex_column_12_24_tablet et_flex_column_24_24_phone\">\n<div class=\"et_pb_image_1 et_pb_image et_pb_module et_flex_module\"><span class=\"et_pb_image_wrap\"><img decoding=\"async\" src=\"https:\/\/cuppenlogistics.nl\/wp-content\/uploads\/2026\/04\/Cuppen-Logistics-2.png\" title=\"Cuppen - Logistics\" width=\"700\" height=\"269\" srcset=\"https:\/\/cuppenlogistics.nl\/wp-content\/uploads\/2026\/04\/Cuppen-Logistics-2.png 700w, https:\/\/cuppenlogistics.nl\/wp-content\/uploads\/2026\/04\/Cuppen-Logistics-2-480x184.png 480w\" sizes=\"(min-width: 0px) and (max-width: 480px) 480px, (min-width: 481px) 700px, 100vw\" class=\"wp-image-871\" \/><\/span><\/div>\n\n<div class=\"et_pb_text_2 et_pb_text et_pb_bg_layout_light et_pb_module et_flex_module\"><div class=\"et_pb_text_inner\"><h2>Logistics<\/h2>\n<\/div><\/div>\n\n<div class=\"et_pb_text_3 et_pb_text et_pb_bg_layout_light et_pb_module et_flex_module\"><div class=\"et_pb_text_inner\"><p>Wir transportieren agrarische Produkte mit einem modernen, temperaturgef\u00fchrten Fuhrpark. W\u00e4hrend jeder Fahrt behalten wir Temperatur, Planung und Kommunikation genau im Blick, damit die Qualit\u00e4t der Ladung gew\u00e4hrleistet bleibt.<\/p>\n<p>Mit festen Routen und direkter Abstimmung sorgen wir daf\u00fcr, dass auch Teilladungen p\u00fcnktlich und effizient ihr Ziel erreichen.<\/p>\n<div style=\"height: 26px;\"><\/div>\n<div style=\"height: 26px;\"><\/div>\n<\/div>\n<div class=\"et_pb_module et_pb_button_module_wrapper et_pb_button_2_wrapper\"><a class=\"et_pb_button_2 et_pb_button et_pb_bg_layout_light et_pb_module et_flex_module\" href=\"\/de\/logistics\/\">Mehr \u00fcber unseren Transport<\/a><\/div>\n<\/div>\n<\/div>\n\n<div class=\"et_pb_column_4 et_pb_column et-last-child et_flex_column et_pb_css_mix_blend_mode_passthrough et_flex_column_12_24 et_flex_column_12_24_tablet et_flex_column_24_24_phone\">\n<div class=\"et_pb_image_2 et_pb_image et_pb_module et_flex_module\"><span class=\"et_pb_image_wrap\"><img decoding=\"async\" src=\"https:\/\/cuppenlogistics.nl\/wp-content\/uploads\/2026\/02\/Cuppen-Coldstore-banner.jpg\" title=\"Cuppen - Coldstore banner\" width=\"700\" height=\"269\" srcset=\"https:\/\/cuppenlogistics.nl\/wp-content\/uploads\/2026\/02\/Cuppen-Coldstore-banner.jpg 700w, https:\/\/cuppenlogistics.nl\/wp-content\/uploads\/2026\/02\/Cuppen-Coldstore-banner-480x184.jpg 480w\" sizes=\"(min-width: 0px) and (max-width: 480px) 480px, (min-width: 481px) 700px, 100vw\" class=\"wp-image-385\" \/><\/span><\/div>\n\n<div class=\"et_pb_text_4 et_pb_text et_pb_bg_layout_light et_pb_module et_flex_module\"><div class=\"et_pb_text_inner\"><h2>Coldstore<\/h2>\n<\/div><\/div>\n\n<div class=\"et_pb_text_5 et_pb_text et_pb_bg_layout_light et_pb_module et_flex_module\"><div class=\"et_pb_text_inner\"><p>Wir bieten 35.000 Palettenpl\u00e4tze in 68 einzeln einstellbaren K\u00fchlzellen, geeignet f\u00fcr Produkte, die eine pr\u00e4zise Temperaturkontrolle ben\u00f6tigen. Dank kontinuierlicher Temperatur\u00fcberwachung bleibt die Qualit\u00e4t der gelagerten Produkte jederzeit gew\u00e4hrleistet.<\/p>\n<p>Lagerung und Transport greifen nahtlos ineinander. Ein zus\u00e4tzlicher Vorteil: Wir sind ein anerkannter Inspektionsstandort f\u00fcr den Import von \u00dcbersee-Obst und -Gem\u00fcse.<\/p>\n<\/div>\n<div class=\"et_pb_module et_pb_button_module_wrapper et_pb_button_3_wrapper\"><a class=\"et_pb_button_3 et_pb_button et_pb_bg_layout_light et_pb_module et_flex_module\" href=\"\/de\/coldstore\/\">Mehr \u00fcber unsere Coldstore<\/a><\/div>\n<\/div>\n<\/div>\n<\/div>\n<\/div>\n\n<div class=\"et_pb_section_3 et_pb_section et_section_regular et_flex_section\">\n<div class=\"et_pb_row_3 et_pb_row et_flex_row\">\n<div class=\"et_pb_column_5 et_pb_column et_flex_column et_pb_css_mix_blend_mode_passthrough et_flex_column_8_24 et_flex_column_8_24_tablet et_flex_column_24_24_phone\">\n<div class=\"et_pb_image_3 et_pb_image et_pb_image_bottom_space_phone et_pb_module et_flex_module\"><span class=\"et_pb_image_wrap\"><img decoding=\"async\" src=\"https:\/\/cuppenlogistics.nl\/wp-content\/uploads\/2026\/03\/Kaart-Cuppen-3.png\" title=\"Kaart Cuppen (3)\" width=\"1200\" height=\"1200\" srcset=\"https:\/\/cuppenlogistics.nl\/wp-content\/uploads\/2026\/03\/Kaart-Cuppen-3.png 1200w, https:\/\/cuppenlogistics.nl\/wp-content\/uploads\/2026\/03\/Kaart-Cuppen-3-980x980.png 980w, https:\/\/cuppenlogistics.nl\/wp-content\/uploads\/2026\/03\/Kaart-Cuppen-3-480x480.png 480w\" sizes=\"(min-width: 0px) and (max-width: 480px) 480px, (min-width: 481px) and (max-width: 980px) 980px, (min-width: 981px) 1200px, 100vw\" class=\"wp-image-442\" \/><\/span><\/div>\n<\/div>\n\n<div class=\"et_pb_column_6 et_pb_column et-last-child et_flex_column et_pb_css_mix_blend_mode_passthrough et_flex_column_16_24 et_flex_column_16_24_tablet et_flex_column_24_24_phone\">\n<div class=\"et_pb_text_6 et_pb_text et_pb_bg_layout_light et_pb_module et_flex_module\"><div class=\"et_pb_text_inner\"><h2>Wo wir aktiv sind<\/h2>\n<\/div><\/div>\n\n<div class=\"et_pb_text_7 et_pb_text et_pb_bg_layout_light et_pb_module et_flex_module\"><div class=\"et_pb_text_inner\"><p>Cuppen ist t\u00e4glich unterwegs in den Niederlanden, Belgien, Deutschland, dem Elsass und Ostfrankreich. Auf der Karte nebenan sehen Sie unser gesamtes Einsatzgebiet. Von Horst aus fahren wir feste Routen in diese Regionen und kombinieren Fahrten intelligent, sodass Produkte immer zur richtigen Zeit am richtigen Ort ankommen.<\/p>\n<p>Unsere Disponenten behalten jederzeit den \u00dcberblick, reagieren schnell und sorgen daf\u00fcr, dass jede Sendung sicher und unter den richtigen Bedingungen geliefert wird.<\/p>\n<\/div><\/div>\n\n<div class=\"et_pb_module et_pb_button_module_wrapper et_pb_button_4_wrapper\"><a class=\"et_pb_button_4 et_pb_button et_pb_bg_layout_light et_pb_module et_flex_module\" href=\"\/de\/kontakt\/\">Kontakt aufnehmen<\/a><\/div>\n<\/div>\n<\/div>\n\n<div class=\"et_pb_row_4 et_pb_row et_flex_row\">\n<div class=\"et_pb_column_7 et_pb_column et-last-child et_flex_column et_pb_css_mix_blend_mode_passthrough et_flex_column_24_24 et_flex_column_24_24_tablet et_flex_column_24_24_phone\">\n<div class=\"et_pb_text_8 et_pb_text et_pb_bg_layout_light et_pb_module et_flex_module\"><div class=\"et_pb_text_inner\"><h2>Arbeiten bei Cuppen<\/h2>\n<\/div><\/div>\n\n<div class=\"et_pb_text_9 et_pb_text et_pb_bg_layout_light et_pb_module et_flex_module\"><div class=\"et_pb_text_inner\"><p>Arbeiten bei Cuppen bedeutet, Teil eines eingespielten Teams zu sein, das jeden Tag gemeinsam die logistische Herausforderung l\u00f6st. Sie bekommen Vertrauen, klare Absprachen und abwechslungsreiche Arbeit. Gemeinsam sorgen wir daf\u00fcr, dass sich unsere Kunden jeden Tag auf zuverl\u00e4ssige und sorgf\u00e4ltig organisierte Logistik verlassen k\u00f6nnen.<\/p>\n<\/div>\n<div class=\"et_pb_module et_pb_button_module_wrapper et_pb_button_5_wrapper\"><a class=\"et_pb_button_5 et_pb_button et_pb_bg_layout_light et_pb_module et_flex_module\" href=\"\/de\/karriere\/\">Arbeiten bei Cuppen<\/a><\/div>\n<\/div>\n<\/div>\n<\/div>\n\n<div class=\"et_pb_row_5 et_pb_row et_flex_row\">\n<div class=\"et_pb_column_8 et_pb_column et-last-child et_flex_column et_pb_css_mix_blend_mode_passthrough et_flex_column_24_24 et_flex_column_24_24_tablet et_flex_column_24_24_phone\">\n<div class=\"et_pb_video_0 et_pb_video et_pb_module et_flex_module\"><div class=\"et_pb_video_box\"><iframe loading=\"lazy\" title=\"Scholing chauffeurs Cuppen Logistics met ondertiteling\" width=\"1080\" height=\"608\" src=\"https:\/\/www.youtube.com\/embed\/IvrZGkXRXSM?feature=oembed\"  allow=\"accelerometer; autoplay; clipboard-write; encrypted-media; gyroscope; picture-in-picture; web-share\" referrerpolicy=\"strict-origin-when-cross-origin\" allowfullscreen><\/iframe><\/div><div class=\"et_pb_video_overlay\" style=\"background-image:url(https:\/\/cuppenlogistics.nl\/wp-content\/uploads\/2025\/12\/medewerker-2.webp)\"><div class=\"et_pb_video_overlay_hover\"><a class=\"et_pb_video_play\" href=\"#\"><\/a><\/div><\/div><\/div>\n<\/div>\n<\/div>\n<\/div>\n\n<div class=\"et_pb_section_4 et_pb_section et_section_regular et_flex_section\">\n<div class=\"et_pb_row_6 et_pb_row et_flex_row\">\n<div class=\"et_pb_column_9 et_pb_column et_flex_column et_pb_css_mix_blend_mode_passthrough et_flex_column_8_24 et_flex_column_8_24_tablet et_flex_column_24_24_phone\">\n<div class=\"et_pb_image_4 et_pb_image et_pb_image_bottom_space_phone et_pb_module et_flex_module\"><span class=\"et_pb_image_wrap\"><img decoding=\"async\" src=\"https:\/\/cuppenlogistics.nl\/wp-content\/uploads\/2026\/02\/P1216085-e1770884492877.jpg\" title=\"P1216085\" width=\"1500\" height=\"1500\" srcset=\"https:\/\/cuppenlogistics.nl\/wp-content\/uploads\/2026\/02\/P1216085-e1770884492877.jpg 1500w, https:\/\/cuppenlogistics.nl\/wp-content\/uploads\/2026\/02\/P1216085-e1770884492877-1280x720.jpg 1280w, https:\/\/cuppenlogistics.nl\/wp-content\/uploads\/2026\/02\/P1216085-e1770884492877-980x551.jpg 980w, https:\/\/cuppenlogistics.nl\/wp-content\/uploads\/2026\/02\/P1216085-e1770884492877-480x270.jpg 480w\" sizes=\"(min-width: 0px) and (max-width: 480px) 480px, (min-width: 481px) and (max-width: 980px) 980px, (min-width: 981px) and (max-width: 1280px) 1280px, (min-width: 1281px) 1500px, 100vw\" class=\"wp-image-336\" \/><\/span><\/div>\n<\/div>\n\n<div class=\"et_pb_column_10 et_pb_column et-last-child et_flex_column et_pb_css_mix_blend_mode_passthrough et_flex_column_16_24 et_flex_column_16_24_tablet et_flex_column_24_24_phone\">\n<div class=\"et_pb_text_10 et_pb_text et_pb_bg_layout_light et_pb_module et_flex_module\"><div class=\"et_pb_text_inner\"><h2>Neugierig, was wir f\u00fcr Sie tun k\u00f6nnen?<\/h2>\n<\/div><\/div>\n\n<div class=\"et_pb_text_11 et_pb_text et_pb_bg_layout_light et_pb_module et_flex_module\"><div class=\"et_pb_text_inner\"><p>Kontaktieren Sie unsere Transportplanung<br \/><a href=\"tel:+31-(0)773977070\">+31-(0)77 3977070<\/a><\/p>\n<\/div><\/div>\n\n<div class=\"et_pb_blurb_5 et_pb_blurb et_pb_bg_layout_light et_pb_blurb_position_left et_pb_module et_flex_module\"><div class=\"et_pb_blurb_content et_flex_module\"><div class=\"et_pb_main_blurb_image\"><span class=\"et_pb_image_wrap\"><span class=\"et-pb-icon\">N<\/span><\/span><\/div><div class=\"et_pb_blurb_container\"><h4 class=\"et_pb_module_header\">Transport und Coldstore, vollst\u00e4ndig in eigener Hand<\/h4><\/div><\/div><\/div>\n\n<div class=\"et_pb_blurb_6 et_pb_blurb et_pb_bg_layout_light et_pb_blurb_position_left et_pb_module et_flex_module\"><div class=\"et_pb_blurb_content et_flex_module\"><div class=\"et_pb_main_blurb_image\"><span class=\"et_pb_image_wrap\"><span class=\"et-pb-icon\">N<\/span><\/span><\/div><div class=\"et_pb_blurb_container\"><h4 class=\"et_pb_module_header\">Zuverl\u00e4ssige Lieferungen, immer p\u00fcnktlich und wie vereinbart<\/h4><\/div><\/div><\/div>\n\n<div class=\"et_pb_blurb_7 et_pb_blurb et_pb_bg_layout_light et_pb_blurb_position_left et_pb_module et_flex_module\"><div class=\"et_pb_blurb_content et_flex_module\"><div class=\"et_pb_main_blurb_image\"><span class=\"et_pb_image_wrap\"><span class=\"et-pb-icon\">N<\/span><\/span><\/div><div class=\"et_pb_blurb_container\"><h4 class=\"et_pb_module_header\">Temperatursicherheit unterwegs und in der K\u00fchlzelle, mit kontinuierlicher Temperaturregistrierung und Kontrolle<\/h4><\/div><\/div><\/div>\n\n<div class=\"et_pb_blurb_8 et_pb_blurb et_pb_bg_layout_light et_pb_blurb_position_left et_pb_module et_flex_module\"><div class=\"et_pb_blurb_content et_flex_module\"><div class=\"et_pb_main_blurb_image\"><span class=\"et_pb_image_wrap\"><span class=\"et-pb-icon\">N<\/span><\/span><\/div><div class=\"et_pb_blurb_container\"><h4 class=\"et_pb_module_header\">Direkte Kommunikation und 24\/7 erreichbar<\/h4><\/div><\/div><\/div>\n\n<div class=\"et_pb_blurb_9 et_pb_blurb et_pb_bg_layout_light et_pb_blurb_position_left et_pb_module et_flex_module\"><div class=\"et_pb_blurb_content et_flex_module\"><div class=\"et_pb_main_blurb_image\"><span class=\"et_pb_image_wrap\"><span class=\"et-pb-icon\">N<\/span><\/span><\/div><div class=\"et_pb_blurb_container\"><h4 class=\"et_pb_module_header\">Flexibel bei Spitzenzeiten und saisonalen Mengenstr\u00f6men<\/h4><\/div><\/div><\/div>\n\n<div class=\"et_pb_module et_pb_button_module_wrapper et_pb_button_6_wrapper\"><a class=\"et_pb_button_6 et_pb_button et_pb_bg_layout_light et_pb_module et_flex_module\" href=\"\/de\/kontakt\/\">Kontakt aufnehmen<\/a><\/div>\n<\/div>\n<\/div>\n<\/div>","protected":false},"excerpt":{"rendered":"","protected":false},"author":1,"featured_media":0,"parent":0,"menu_order":0,"comment_status":"closed","ping_status":"closed","template":"","meta":{"footnotes":""},"class_list":["post-504","page","type-page","status-publish","hentry"],"yoast_head":"<!-- This site is optimized with the Yoast SEO plugin v27.3 - https:\/\/yoast.com\/product\/yoast-seo-wordpress\/ -->\n<title>Home - Cuppen<\/title>\n<meta name=\"robots\" content=\"index, follow, max-snippet:-1, max-image-preview:large, max-video-preview:-1\" \/>\n<link rel=\"canonical\" href=\"https:\/\/cuppenlogistics.nl\/de\/\" \/>\n<meta property=\"og:locale\" content=\"de_DE\" \/>\n<meta property=\"og:type\" content=\"article\" \/>\n<meta property=\"og:title\" content=\"Home - Cuppen\" \/>\n<meta property=\"og:url\" content=\"https:\/\/cuppenlogistics.nl\/de\/\" \/>\n<meta property=\"og:site_name\" content=\"Cuppen\" \/>\n<meta property=\"article:modified_time\" content=\"2026-04-03T11:30:24+00:00\" \/>\n<meta name=\"twitter:card\" content=\"summary_large_image\" \/>\n<script type=\"application\/ld+json\" class=\"yoast-schema-graph\">{\"@context\":\"https:\\\/\\\/schema.org\",\"@graph\":[{\"@type\":\"WebPage\",\"@id\":\"https:\\\/\\\/cuppenlogistics.nl\\\/de\\\/\",\"url\":\"https:\\\/\\\/cuppenlogistics.nl\\\/de\\\/\",\"name\":\"Home - Cuppen\",\"isPartOf\":{\"@id\":\"https:\\\/\\\/cuppenlogistics.nl\\\/de\\\/#website\"},\"datePublished\":\"2025-12-04T10:49:53+00:00\",\"dateModified\":\"2026-04-03T11:30:24+00:00\",\"breadcrumb\":{\"@id\":\"https:\\\/\\\/cuppenlogistics.nl\\\/de\\\/#breadcrumb\"},\"inLanguage\":\"de\",\"potentialAction\":[{\"@type\":\"ReadAction\",\"target\":[\"https:\\\/\\\/cuppenlogistics.nl\\\/de\\\/\"]}]},{\"@type\":\"BreadcrumbList\",\"@id\":\"https:\\\/\\\/cuppenlogistics.nl\\\/de\\\/#breadcrumb\",\"itemListElement\":[{\"@type\":\"ListItem\",\"position\":1,\"name\":\"Home\",\"item\":\"https:\\\/\\\/cuppenlogistics.nl\\\/de\\\/\"},{\"@type\":\"ListItem\",\"position\":2,\"name\":\"Home\"}]},{\"@type\":\"WebSite\",\"@id\":\"https:\\\/\\\/cuppenlogistics.nl\\\/de\\\/#website\",\"url\":\"https:\\\/\\\/cuppenlogistics.nl\\\/de\\\/\",\"name\":\"Cuppen\",\"description\":\"\",\"potentialAction\":[{\"@type\":\"SearchAction\",\"target\":{\"@type\":\"EntryPoint\",\"urlTemplate\":\"https:\\\/\\\/cuppenlogistics.nl\\\/de\\\/?s={search_term_string}\"},\"query-input\":{\"@type\":\"PropertyValueSpecification\",\"valueRequired\":true,\"valueName\":\"search_term_string\"}}],\"inLanguage\":\"de\"}]}<\/script>\n<!-- \/ Yoast SEO plugin. -->","yoast_head_json":{"title":"Home - Cuppen","robots":{"index":"index","follow":"follow","max-snippet":"max-snippet:-1","max-image-preview":"max-image-preview:large","max-video-preview":"max-video-preview:-1"},"canonical":"https:\/\/cuppenlogistics.nl\/de\/","og_locale":"de_DE","og_type":"article","og_title":"Home - Cuppen","og_url":"https:\/\/cuppenlogistics.nl\/de\/","og_site_name":"Cuppen","article_modified_time":"2026-04-03T11:30:24+00:00","twitter_card":"summary_large_image","schema":{"@context":"https:\/\/schema.org","@graph":[{"@type":"WebPage","@id":"https:\/\/cuppenlogistics.nl\/de\/","url":"https:\/\/cuppenlogistics.nl\/de\/","name":"Home - Cuppen","isPartOf":{"@id":"https:\/\/cuppenlogistics.nl\/de\/#website"},"datePublished":"2025-12-04T10:49:53+00:00","dateModified":"2026-04-03T11:30:24+00:00","breadcrumb":{"@id":"https:\/\/cuppenlogistics.nl\/de\/#breadcrumb"},"inLanguage":"de","potentialAction":[{"@type":"ReadAction","target":["https:\/\/cuppenlogistics.nl\/de\/"]}]},{"@type":"BreadcrumbList","@id":"https:\/\/cuppenlogistics.nl\/de\/#breadcrumb","itemListElement":[{"@type":"ListItem","position":1,"name":"Home","item":"https:\/\/cuppenlogistics.nl\/de\/"},{"@type":"ListItem","position":2,"name":"Home"}]},{"@type":"WebSite","@id":"https:\/\/cuppenlogistics.nl\/de\/#website","url":"https:\/\/cuppenlogistics.nl\/de\/","name":"Cuppen","description":"","potentialAction":[{"@type":"SearchAction","target":{"@type":"EntryPoint","urlTemplate":"https:\/\/cuppenlogistics.nl\/de\/?s={search_term_string}"},"query-input":{"@type":"PropertyValueSpecification","valueRequired":true,"valueName":"search_term_string"}}],"inLanguage":"de"}]}},"_links":{"self":[{"href":"https:\/\/cuppenlogistics.nl\/de\/wp-json\/wp\/v2\/pages\/504","targetHints":{"allow":["GET"]}}],"collection":[{"href":"https:\/\/cuppenlogistics.nl\/de\/wp-json\/wp\/v2\/pages"}],"about":[{"href":"https:\/\/cuppenlogistics.nl\/de\/wp-json\/wp\/v2\/types\/page"}],"author":[{"embeddable":true,"href":"https:\/\/cuppenlogistics.nl\/de\/wp-json\/wp\/v2\/users\/1"}],"replies":[{"embeddable":true,"href":"https:\/\/cuppenlogistics.nl\/de\/wp-json\/wp\/v2\/comments?post=504"}],"version-history":[{"count":23,"href":"https:\/\/cuppenlogistics.nl\/de\/wp-json\/wp\/v2\/pages\/504\/revisions"}],"predecessor-version":[{"id":873,"href":"https:\/\/cuppenlogistics.nl\/de\/wp-json\/wp\/v2\/pages\/504\/revisions\/873"}],"wp:attachment":[{"href":"https:\/\/cuppenlogistics.nl\/de\/wp-json\/wp\/v2\/media?parent=504"}],"curies":[{"name":"wp","href":"https:\/\/api.w.org\/{rel}","templated":true}]}}